{"id":1151,"date":"2020-12-09T20:26:09","date_gmt":"2020-12-09T19:26:09","guid":{"rendered":"https:\/\/www.gymbrv.de\/?page_id=1151"},"modified":"2020-12-09T20:26:09","modified_gmt":"2020-12-09T19:26:09","slug":"hausordnung","status":"publish","type":"page","link":"https:\/\/www.gymbrv.de\/index.php\/hausordnung\/","title":{"rendered":"Hausordnung"},"content":{"rendered":"\n<p>Eingef\u00fchrt am 01.09.10, letzte \u00c4nderung am 19.06.19<\/p>\n\n\n\n<div class=\"wp-block-file\"><a href=\"https:\/\/www.gymbrv.de\/wp-content\/uploads\/2020\/12\/HOGymBRV_19_2.pdf\" class=\"wp-block-file__button\" download>PDF<\/a><\/div>\n\n\n\n<p>Das harmonische Zusammenleben in der Schulgemeinschaft soll durch das Verhalten aller ihrer Mitglieder gef\u00f6rdert werden. Daher ist jeder aufgefordert, sich so zu verhalten, dass andere Personen in Ihren Rechten nicht beeintr\u00e4chtigt werden und ein angenehmes Lem- und Arbeitsklima herrscht.<\/p>\n\n\n\n<p>Das Schulgel\u00e4nde und die Schulgeb\u00e4ude mit allen Einrichtungen sind der wichtige Rahmen f\u00fcr unser Zusammenleben in der Schulgemeinschaft. Diese Dinge sind daher pfleglich zu behandeln.<\/p>\n\n\n\n<p>Die unterschiedlichen Anforderungen an den Lebensraum Schule finden in den folgenden Regelungen Ausdruck.<\/p>\n\n\n\n<p>Sie sind als Konsens aus der Zusammenarbeit aller Angeh\u00f6rigen der Schulgemeinschaft hervorgegangen und werden daher von Sch\u00fclern, Lehrkr\u00e4ften, Mitarbeitern und Eltern (die vorstehenden Begriffe schlie\u00dfen auch im weiteren Text die weiblichen Personen mit ein) gleicherma\u00dfen anerkannt und respektiert.<\/p>\n\n\n\n<h2 class=\"wp-block-heading\">1. Der Umgang miteinander<\/h2>\n\n\n\n<p>Der Umgang miteinander soll freundlich und fair erfolgen. Niemand darf beispielsweise wegen seiner Welt\u00adanschauung, seiner Herkunft, seines Aussehens oder seiner Kleidung diskriminiert werden. Jeder bem\u00fcht sich darum, die Meinung anderer zu verstehen und zu akzeptieren.<\/p>\n\n\n\n<p>Alle Angeh\u00f6rigen der Schulgemeinschaft achten darauf, einander nicht zu provozieren und nicht zu ver\u00adletzen, weder k\u00f6rperlich, noch durch Worte. Sie versuchen, bei der Durchsetzung von W\u00fcnschen und Bed\u00fcrfnissen kompromissbereit zu sein, und nehmen auf andere R\u00fccksicht.<\/p>\n\n\n\n<h2 class=\"wp-block-heading\">2. Unterrichtsdauer<\/h2>\n\n\n\n<p>Sch\u00fcler haben einen Anspruch auf Unterricht von 45 Minuten Dauer im Rahmen der angegebenen Zeiten.<\/p>\n\n\n\n<p>Sch\u00fcler haben p\u00fcnktlich zu den Unterrichtsstunden zu erscheinen. Lehrkr\u00e4fte sind verpflichtet, die im Stunden- und Vertretungsplan ausgewiesenen Stunden zu erteilen.<\/p>\n\n\n\n<h2 class=\"wp-block-heading\">3. Beginn des Unterrichts<\/h2>\n\n\n\n<p>Beim ersten Klingelzeichen (f\u00fcnf Minuten vor Beginn der Stunde) begeben sich die Sch\u00fcler in die Klassen und Kursr\u00e4ume. Die Unterrichtsr\u00e4ume sollen vor Unterrichtsbeginn von der Aufsicht f\u00fchrenden Lehrkraft ge\u00f6ffnet werden. Fachr\u00e4ume werden nur in Begleitung der Fachlehrkr\u00e4fte betreten.<\/p>\n\n\n\n<p>Erscheint eine Lehrkraft nach 5 Minuten nicht, so meldet ein Sch\u00fcler der Klasse bzw. des Kurses dies im Sekretariat. Sollten Sch\u00fcler nicht anwesend sein und der Unterricht demnach nicht erteilt werden k\u00f6nnen, so ist der Stundenplaner zu informieren.<\/p>\n\n\n\n<h2 class=\"wp-block-heading\">4. Der Unterricht<\/h2>\n\n\n\n<p>Alle Beteiligten bem\u00fchen sich um einen ruhigen Ablauf des Unterrichts. Sie m\u00fcssen einander ausreden lassen und zuh\u00f6ren.<\/p>\n\n\n\n<p>Im Unterricht darf nicht gegessen und getrunken werden. Die unterrichtende Lehrkraft kann Ausnahmen zu\u00adlassen.<\/p>\n\n\n\n<h2 class=\"wp-block-heading\">5. Ende des Unterrichts<\/h2>\n\n\n\n<p>Die Lehrkraft beendet die Stunde. In Klassen- und Fachr\u00e4umen muss die am Anfang der Stunde vorgefun\u00addene Ordnung wieder hergestellt werden.<\/p>\n\n\n\n<p>Vor dem Verlassen des R\u00e4umes ist die Tafel zu wischen und der M\u00fcll aufzusammeln. Vor gro\u00dfen Pausen und nach der letzten Unterrichtsstunde sind die Fenster zu schlie\u00dfen. In gro\u00dfen Pausen k\u00f6nnen die Fenster ggf. gekippt bleiben. Das Licht ist auszuschalten und der Raum ist abzuschlie\u00dfen.<\/p>\n\n\n\n<p>Bei Stundenschluss m\u00fcssen sich der Raum und das Mobiliar sowie alle Einrichtungsgegenst\u00e4nde in ordnungsgem\u00e4\u00dfem Zustand befinden. Schaden am Mobiliar sind dem Sekretariat oder dem Hausmeister zu melden.<\/p>\n\n\n\n<h2 class=\"wp-block-heading\">6. Unterrichtsfreie Zeit, Pausen, Freistunden<\/h2>\n\n\n\n<p>Vor 07:40 Uhr sollen sich Sch\u00fcler nur im A-Deck, in der Cafeteria und auf den Pausenh\u00f6fen aufhalten. Ein Aufenthalt im B-Deck ist vor 07:40 Uhr nicht gestattet. W\u00e4hrend der Schulzeit darf der Aufsichtsbereich von Sch\u00fclern des Sekundarbereichs I nur mit Erlaubnis einer Lehrkraft verlassen werden. Ein Lageplan, auf dem der Aufsichtsbereich erkennbar ist, liegt dieser Hausordnung als Anlage bei. Die Sch\u00fcler d\u00fcrfen sich auf\u00adgrund der dort fehlenden Aufsicht insbesondere nicht im Bereich der Johann-Heinrich-von-Th\u00fcnen-Schule (BBS) aufhalten.<\/p>\n\n\n\n<p>Nach Unterrichtsschluss ist Sch\u00fclern der Aufenthalt im Gymnasium dann gestattet, wenn<\/p>\n\n\n\n<ul><li>die Heimfahrt nach Hause sich verz\u00f6gert,<\/li><li>sie an weiteren schulischen Aktivit\u00e4ten teilnehmen,<\/li><li>eine Nutzung der Bibliothek erfolgt.<\/li><\/ul>\n\n\n\n<p>Die Sch\u00fcler der Klassenstufen 5 bis 101 verlassen w\u00e4hrend der gro\u00dfen Pausen das Geb\u00e4ude. Ein Aufenthalt im Geb\u00e4ude ist ihnen nur zum Zugang zum Kiosk, zur Bibliothek sowie zum Toilettengang im A-Deck gestattet.<\/p>\n\n\n\n<p>Im Bedarfsfall kann die Aufsicht f\u00fchrende Lehrkraft weitere Toiletten zur Benutzung freigeben.<\/p>\n\n\n\n<p>Den Sch\u00fclern der Klassenstufe 11 bis 13 stehen neben dem Au\u00dfenbereich das A-Deck sowie das V- Deck zur Verf\u00fcgung. Die Sch\u00fcler der gymnasialen Oberstufe d\u00fcrfen sich auch im D-Deck aufhalten.<\/p>\n\n\n\n<p>Berechtigten Sch\u00fclern ist die Nutzung der Computerr\u00e4ume im B-Deck gestattet.<\/p>\n\n\n\n<p>Bei starkem Regen und extrem schlechter Witterung stehen s\u00e4mtlichen Sch\u00fclern das A-Deck, das D- Deck sowie das T-Deck zur Verf\u00fcgung, den Sch\u00fclern ab der Klassenstufe 11 ebenfalls das V-Deck.<\/p>\n\n\n\n<p>Freistundenbereiche sind:<\/p>\n\n\n\n<ul><li>das A-Deck,<\/li><li>die Cafeteria,<\/li><li>die Bibliothek<\/li><li>der Computerraum im B-Deck (soweit dort kein Unterricht stattfindet).<\/li><\/ul>\n\n\n\n<p>Sch\u00fcler, die Freistunden haben, tragen daf\u00fcr Sorge, dass der Unterricht nicht gest\u00f6rt wird.<\/p>\n\n\n\n<h2 class=\"wp-block-heading\">7. Ordnung im Geb\u00e4ude, auf dem Schulgel\u00e4nde und in den Toiletten<\/h2>\n\n\n\n<p>Ein Aufenthalt im Schulgeb\u00e4ude ist nur Sch\u00fclern der Schule und ihren Erziehungsberechtigten, Lehrern und Mitarbeitern gestattet. Besucher melden sich im Sekretariat.<\/p>\n\n\n\n<p>Lehrer und Mitarbeiter sind berechtigt, das Hausrecht auszu\u00fcben.<\/p>\n\n\n\n<p>Bewegungs- und Ballspiele d\u00fcrfen nur auf dem Hart- und dem Rasenplatz stattfinden. Rennen, Toben, Schreien und L\u00e4rmen ist im Schulgeb\u00e4ude verboten.<\/p>\n\n\n\n<p>Taschen und Ranzen d\u00fcrfen nur so abgestellt werden, dass sie keinen Durchgang behindern. Insbesondere der Zugang zum B-Deck ist frei zu halten.<\/p>\n\n\n\n<p>Spiele, die geeignet sind, andere Personen in ihrer k\u00f6rperlichen Unversehrtheit zu beeintr\u00e4chtigen, sind im Schulgeb\u00e4ude und auf dem Schulgel\u00e4nde verboten. Das Werfen mit Gegenst\u00e4nden, insbesondere Schnee\u00adb\u00e4llen, Eicheln und Kastanien, ist wegen der Verletzungsgefahr verboten.<\/p>\n\n\n\n<p>F\u00fcr den Zustand der R\u00e4umlichkeiten und der Einrichtungsgegenst\u00e4nde sind Sch\u00fcler, Lehrer und Mitarbeiter gemeinsam verantwortlich. Jeder muss sich im Schulgeb\u00e4ude wohl f\u00fchlen k\u00f6nnen. Daher ist es verboten, Schul- oder Privateigentum zu zerst\u00f6ren, zu beschmutzen und W\u00e4nde oder Gegenst\u00e4nde zu bemalen.<\/p>\n\n\n\n<p>Die Toilettensch\u00fcsseln in den Kabinen der Sch\u00fclertoiletten d\u00fcrfen nur im Sitzen benutzt werden.<\/p>\n\n\n\n<p>Es ist nicht gestattet, auf dem Schulgel\u00e4nde, auf den Parkpl\u00e4tzen oder am Fahrradstand Werbezettel zu ver\u00adteilen, an Fahrzeugen zu befestigen oder einfach abzulegen, ohne dass diese Aktion vom Schulleiter aus\u00addr\u00fccklich genehmigt wurde.<\/p>\n\n\n\n<p>Fundsachen sind im Sekretariat abzugeben.<\/p>\n\n\n\n<h3 class=\"wp-block-heading\">7.1. Aufsicht<\/h3>\n\n\n\n<p>Eine Aufsicht kann nur w\u00e4hrend der Schulzeit gestellt werden. Sie wird von Lehrkr\u00e4ften oder anderen Mit\u00adarbeitern der Schule nach Aufsichtsplan verrichtet. Diese k\u00f6nnen durch Sch\u00fcler der Oberstufe bei ihrer Auf\u00adgabe unterst\u00fctzt werden.<\/p>\n\n\n\n<p>Anordnungen der Lehrkr\u00e4fte, insbesondere der Aufsicht f\u00fchrenden, und der Sch\u00fcler der Oberstufe, die sie unterst\u00fctzen, sowie der Mitarbeiter ist Folge zu leisten. An den Schulbushaltestellen k\u00f6nnen auch Lehrkr\u00e4fte anderer Schulen Aufsicht f\u00fchren. Die Lehrer haben ihre Aufsichtspflichten nach dem aush\u00e4ngenden Auf\u00adsichtsplan p\u00fcnktlich und gewissenhaft wahrzunehmen.<\/p>\n\n\n\n<h3 class=\"wp-block-heading\">7.2. Unterrichtsr\u00e4ume<\/h3>\n\n\n\n<p>Es ist nicht gestattet, Mobiliar aus den Klassen- und Fachr\u00e4umen zu entfernen. Schulfremdes Mobiliar darf in den R\u00e4umen nicht gelagert oder aufgestellt werden. Sollte bei Lehrproben zus\u00e4tzliches Mobiliar in die Unter\u00adrichtsr\u00e4ume gebracht werden, so hat der Referendar und\/oder der Ausbildungslehrer daf\u00fcr zu sorgen, dass das Zusatzmobiliar unmittelbar nach der Lehrprobe in die Ursprungsr\u00e4ume zur\u00fcckgebracht wird.<\/p>\n\n\n\n<p>In den Klassenr\u00e4umen d\u00fcrfen nur Plakate aufgeh\u00e4ngt werden, die keine rassistischen, sexistischen oder in anderer Weise menschenverachtenden oder gewaltverherrlichenden Darstellungen enthalten. Au\u00dferdem d\u00fcrfen die Darstellungen den Unterricht nicht st\u00f6ren. Die Auswahl treffen die Klassenlehrer(innen) unter Ber\u00fccksichtigung der W\u00fcnsche aller Sch\u00fcler einer Klasse\/Lerngruppe. In Fachr\u00e4umen d\u00fcrfen nur Plakate mit fachlichem Inhalt angebracht werden.<\/p>\n\n\n\n<h3 class=\"wp-block-heading\">7.3. Teppichb\u00f6den<\/h3>\n\n\n\n<p>W\u00e4hrend der unterrichtsfreien Zeiten ist das Essen und Trinken in Klassenr\u00e4umen und G\u00e4ngen erlaubt. Es hat insbesondere in Klassenr\u00e4umen und auf G\u00e4ngen mit Teppichboden jedoch so zu erfolgen, dass Ver\u00adschmutzungen des Bodens bzw. Teppichbodens vermieden werden.<\/p>\n\n\n\n<h3 class=\"wp-block-heading\">7.4. Sporthalle<\/h3>\n\n\n\n<p>In der Sporthalle haben Sch\u00fcler und Lehrer daf\u00fcr Sorge zu tragen, dass die T\u00fcren der Umkleidekabinen geschlossen sind, damit Diebst\u00e4hle m\u00f6glichst verhindert werden. Nach Unterrichtsende vergewissern die Sch\u00fcler sich, dass keine Gegenst\u00e4nde Ihrer Mitsch\u00fcler in den Kabinen verbleiben.<\/p>\n\n\n\n<h3 class=\"wp-block-heading\">7.5. Nottreppen, Fahrstuhl, Behindertentoilette<\/h3>\n\n\n\n<p>Sch\u00fclern ist ein Aufenthalt im Nottreppenhaus &#8211; au\u00dfer im Notfall &#8211; nicht gestattet. Die Notausg\u00e4nge des Hauptgeb\u00e4udes, die Nottreppe des T-Decks sowie die Notausg\u00e4nge in der Aula und den Unterrichtsr\u00e4umen des V-Decks sind nur im Notfall zu benutzen.<\/p>\n\n\n\n<p>Ein Aufenthalt im Fahrstuhl ist nur Behinderten und ihren Begleitpersonen sowie Personen, die schwere Gegenst\u00e4nde zu transportieren haben, gestattet. Personen, deren Bewegungsf\u00e4higkeit vor\u00fcbergehend oder dauerhaft eingeschr\u00e4nkt ist, k\u00f6nnen im Sekretariat einen Fahrstuhlschl\u00fcssel leihweise erhalten. Sie tragen dann die Verantwortung f\u00fcr eine sachgerechte Benutzung des Fahrstuhls.<\/p>\n\n\n\n<p>Au\u00dferdem ist im Sekretariat ein Schl\u00fcssel f\u00fcr die Behindertentoilette erh\u00e4ltlich. Die Behindertentoilette wird Jederzeit f\u00fcr eine Nutzung bereitgehalten und nicht als Lagerraum f\u00fcr Putzmittel o. A. genutzt.<\/p>\n\n\n\n<h3 class=\"wp-block-heading\">7.6. Schulgel\u00e4nde<\/h3>\n\n\n\n<p>Das Fahren mit Fahrr\u00e4dern Im Geb\u00e4ude ist nicht erlaubt Auf dem Schulgel\u00e4nde hat es mit gro\u00dfer R\u00fccksicht auf andere Personen zu geschehen. Das Fahren mit Mopeds oder Motorrollern, Skateboards, Kickboards, Inlineskates und \u00e4hnlichen Fortbewegungsmitteln ist weder im Geb\u00e4ude noch auf dem Schulgel\u00e4nde erlaubt. Fahrr\u00e4der sollen in den Fahrradst\u00e4ndern abgestellt werden. Jeder ist gehalten, darauf zu achten, dass Fahrr\u00e4der nicht besch\u00e4digt oder beschmutzt werden.<\/p>\n\n\n\n<p>Bei nassem Wetter achten alle Mitglieder der Schulgemeinschaft darauf, sich in den Pausen nur auf den befestigten Teilen des Schulgel\u00e4ndes aufzuhalten und nicht zu viel Schmutz in das Schulgeb\u00e4ude zu tragen.<\/p>\n\n\n\n<h3 class=\"wp-block-heading\">7.7. Technische Ger\u00e4tschaften, insbesondere mobile Endger\u00e4te<\/h3>\n\n\n\n<h4 class=\"wp-block-heading\">Nutzung mobiler Endger\u00e4te<\/h4>\n\n\n\n<p>Eine Nutzung mobiler Endger\u00e4te (z. B. Smartphones, Smartwatches, mobile Spielekonsolen, Tablets, u.\u00c4.) auf dem Schulgel\u00e4nde ist den Klassen 5 bis 11 w\u00e4hrend des Schultages untersagt. Die Ger\u00e4te sind vom Betreten bis zum Verlassen des Schulgel\u00e4ndes vollst\u00e4ndig auszuschalten.<\/p>\n\n\n\n<p>Ausgenommen hiervon ist die Nutzung f\u00fcr<\/p>\n\n\n\n<ol><li>das Absetzen eines Notrufs,<\/li><li>konkrete Unterrichtszwecke auf ausdr\u00fcckliche Erlaubnis einer Lehrkraft oder<\/li><li>dringende Anrufe zuhause aufgrund von Erkrankung, Abholung oder anderen Zwischenf\u00e4llen, die ausschlie\u00dflich vom Vorflur des Sekretariats aus erfolgen d\u00fcrfen.<\/li><\/ol>\n\n\n\n<p>Sch\u00fclerinnen und Sch\u00fcler der Jahrg\u00e4nge 12 und 13 d\u00fcrfen die Endger\u00e4te in den gro\u00dfen Pausen und Frei\u00adstunden lediglich in dem daf\u00fcr vorgesehenen Raum verwenden. Lehrkr\u00e4ften ist die Nutzung von mobilen Endger\u00e4ten f\u00fcr schulische Zwecke erlaubt.<\/p>\n\n\n\n<h4 class=\"wp-block-heading\">Datenschutz<\/h4>\n\n\n\n<p>Zur Wahrung des Datenschutzes tragen die Sch\u00fcler\/innen Sorge daf\u00fcr, dass die von ihnen mitgef\u00fchrten Endger\u00e4te und Speichermedien keine Daten enthalten, die nicht in die H\u00e4nde Dritter gelangen d\u00fcrfen. Das unerlaubte Filmen oder Fotografieren von Personen oder das heimliche Aufzeichnen des nicht \u00f6ffentlich gesprochenen Wortes, etwa Mitschnitte des Unterrichts oder Beobachtungen einzelner Mitsch\u00fcler\/innen, ist verboten. Die Nutzung von \u00f6ffentlichen oder privaten Funknetzen ist verboten, sofern dies nicht von der Lehrkraft ausdr\u00fccklich zu Unterrichtszwecken freigestellt ist.<\/p>\n\n\n\n<h4 class=\"wp-block-heading\">Konsequenzen bei Verst\u00f6\u00dfen<\/h4>\n\n\n\n<p>Im Falle eines Versto\u00dfes wird das Endger\u00e4t von der Lehrkraft eingezogen und bei der Schulleitung hinter\u00adlegt. Mit Unterschrift des\/der Erziehungsberechtigten auf der schriftlichen Benachrichtigung kann es dort wieder abgeholt werden. Bei erneutem Versto\u00df erfolgt die Herausgabe nur pers\u00f6nlich an eine\/n Erziehungs\u00adberechtigte\/n. Wiederholtes Versto\u00dfen kann durch einen mehrt\u00e4gigen Entzug geahndet werden.<\/p>\n\n\n\n<h2 class=\"wp-block-heading\">8. Verhalten im Notfall<\/h2>\n\n\n\n<p>Die Regeln f\u00fcr das Verhalten in Notf\u00e4llen h\u00e4ngen aus. Alle Angeh\u00f6rigen der Schulgemeinschaft sind ange\u00adhalten, sich regelm\u00e4\u00dfig damit vertraut zu machen.<\/p>\n\n\n\n<p>Die Schulleitung f\u00fchrt j\u00e4hrlich zum Schuljahresbeginn Notfall\u00fcbungen durch.<\/p>\n\n\n\n<h2 class=\"wp-block-heading\">9. Verst\u00f6\u00dfe<\/h2>\n\n\n\n<p>Jeder ist angehalten, darauf zu achten, dass diese Regelungen von allen eingehalten werden. Es ist nicht nur Sache der Lehrer, diejenigen, die gegen die Regeln versto\u00dfen, auf ihr falsches Verhalten aufmerksam zu machen und die Einhaltung der Schulordnung einzufordern. Auch in Konfliktf\u00e4llen soll ein ruhiges, sachli\u00adches Verhalten gepflegt werden.<\/p>\n\n\n\n<p>Verletzungen dieser Regeln werden mit Erziehungsmitteln und in schweren F\u00e4llen mit Ordnungsma\u00dfnahmen im Rahmen des \u00a761 des Nieders\u00e4chsischen Schulgesetzes geahndet.<\/p>\n\n\n\n<p>F\u00fcr Sch\u00e4den, die aus Verletzungen dieser Hausordnung folgen, haftet der Verursacher oder seine Erzie\u00adhungsberechtigten.<\/p>\n\n\n\n<p>Die Schule beh\u00e4lt sich grunds\u00e4tzlich Regressanspr\u00fcche gegen Sch\u00e4diger vor.<\/p>\n\n\n\n<h2 class=\"wp-block-heading\">10. Allgemeine Vorschriften<\/h2>\n\n\n\n<p>Das Mitbringen von Waffen, ebenso von Waffenattrappen oder Spielzeugwaffen, die mit echten Waffen ver\u00adwechselt werden k\u00f6nnen, ist verboten.<\/p>\n\n\n\n<p>Auch der Besitz und der Konsum von sowie der Handel mit Drogen jeglicher Art, auch Alkohol, ist auf dem Schulgel\u00e4nde und im Schulgeb\u00e4ude strengstens untersagt.<\/p>\n\n\n\n<p>M\u00fcll oder die Gesundheit gef\u00e4hrdende Stoffe d\u00fcrfen nicht in den Schlie\u00dff\u00e4chern aufbewahrt werden.<\/p>\n\n\n\n<p>Die Bestimmungen dieser Hausordnung gelten grunds\u00e4tzlich auch f\u00fcr alle schulischen Veranstaltungen, unabh\u00e4ngig von ihrem Ort Ausnahmen von dieser Bestimmung k\u00f6nnen f\u00fcr bestimmte Veranstaltungen zuge\u00adlassen werden.<\/p>\n\n\n\n<h2 class=\"wp-block-heading\">Anhang &#8211; Lageplan<\/h2>\n\n\n\n<figure class=\"wp-block-image size-large\"><img loading=\"lazy\" decoding=\"async\" width=\"687\" height=\"974\" src=\"https:\/\/www.gymbrv.de\/wp-content\/uploads\/2020\/12\/HF.png\" alt=\"\" class=\"wp-image-1148\" srcset=\"https:\/\/www.gymbrv.de\/wp-content\/uploads\/2020\/12\/HF.png 687w, https:\/\/www.gymbrv.de\/wp-content\/uploads\/2020\/12\/HF-212x300.png 212w\" sizes=\"(max-width: 687px) 100vw, 687px\" \/><\/figure>\n\n\n\n<p><\/p>\n","protected":false},"excerpt":{"rendered":"<p>Eingef\u00fchrt am 01.09.10, letzte \u00c4nderung am 19.06.19 Das harmonische Zusammenleben in der Schulgemeinschaft soll durch das Verhalten aller ihrer Mitglieder gef\u00f6rdert werden. Daher ist jeder<\/p>\n","protected":false},"author":1,"featured_media":0,"parent":0,"menu_order":0,"comment_status":"closed","ping_status":"closed","template":"","meta":{"footnotes":""},"_links":{"self":[{"href":"https:\/\/www.gymbrv.de\/index.php\/wp-json\/wp\/v2\/pages\/1151"}],"collection":[{"href":"https:\/\/www.gymbrv.de\/index.php\/wp-json\/wp\/v2\/pages"}],"about":[{"href":"https:\/\/www.gymbrv.de\/index.php\/wp-json\/wp\/v2\/types\/page"}],"author":[{"embeddable":true,"href":"https:\/\/www.gymbrv.de\/index.php\/wp-json\/wp\/v2\/users\/1"}],"replies":[{"embeddable":true,"href":"https:\/\/www.gymbrv.de\/index.php\/wp-json\/wp\/v2\/comments?post=1151"}],"version-history":[{"count":4,"href":"https:\/\/www.gymbrv.de\/index.php\/wp-json\/wp\/v2\/pages\/1151\/revisions"}],"predecessor-version":[{"id":1157,"href":"https:\/\/www.gymbrv.de\/index.php\/wp-json\/wp\/v2\/pages\/1151\/revisions\/1157"}],"wp:attachment":[{"href":"https:\/\/www.gymbrv.de\/index.php\/wp-json\/wp\/v2\/media?parent=1151"}],"curies":[{"name":"wp","href":"https:\/\/api.w.org\/{rel}","templated":true}]}}