{"id":1161,"date":"2020-12-11T14:49:47","date_gmt":"2020-12-11T13:49:47","guid":{"rendered":"https:\/\/www.gymbrv.de\/?page_id=1161"},"modified":"2021-06-19T12:25:30","modified_gmt":"2021-06-19T10:25:30","slug":"foerderverein-mitgliederversammlung","status":"publish","type":"page","link":"https:\/\/www.gymbrv.de\/index.php\/foerderverein-mitgliederversammlung\/","title":{"rendered":"F\u00f6rderverein &#8211; Mitgliederversammlung"},"content":{"rendered":"\n<p><\/p>\n\n\n\n<div class=\"wp-block-file\"><a href=\"https:\/\/www.gymbrv.de\/wp-content\/uploads\/2021\/01\/Foerderverein-Gymnasium-Bremervoerde-Mitgliederversammlung-210203-Einladung-210106-allgemein-min.pdf\" class=\"wp-block-file__button\" download>als PDF herunterladen<\/a><\/div>\n\n\n\n<p>An alle Mitglieder und Freunde des<br>Vereins zur F\u00f6rderung des<br>Gymnasiums Bremerv\u00f6rde e. V.<\/p>\n\n\n\n<p><strong>Einladung zur ordentlichen Mitgliederversammlung 2021<\/strong><\/p>\n\n\n\n<p>Liebe Vereinsmitglieder, liebe Freunde des Vereins,<\/p>\n\n\n\n<p>wir laden ganz herzlich zu unserer Mitgliederversammlung ein:<\/p>\n\n\n\n<p class=\"has-text-align-center\"><strong>Mittwoch, 03. Februar 2021 um 19:30 Uhr<br>&#8211; als Online-Versammlung &#8211;<\/strong><\/p>\n\n\n\n<p><strong>Tagesordnung<\/strong><\/p>\n\n\n\n<ol><li>Er\u00f6ffnung und Begr\u00fc\u00dfung<\/li><li>Feststellung der Beschlussf\u00e4higkeit<\/li><li>Antr\u00e4ge zur Tagesordnung<\/li><li>Protokoll der Mitgliederversammlung vom 05.02.2020<\/li><li>Bericht des Vorstandes &#8211; Aussprache<\/li><li>Kassenbericht &#8211; Aussprache<\/li><li>Bericht der Kassenpr\u00fcfer<\/li><li>Entlastung des Vorstandes<\/li><li>Haushaltsplan 2021 \/ F\u00f6rderantr\u00e4ge f\u00fcr das Haushaltsjahr 2021<\/li><li>Wahlen: 2. Vorsitzende\/r, KassenwartIn, Kassenpr\u00fcferInnen<\/li><li>Bericht der Schulleitung<\/li><li>Verschiedenes<\/li><\/ol>\n\n\n\n<p>F\u00f6rderantr\u00e4ge und\/oder Antr\u00e4ge zur Tagesordnung senden Sie bitte in Textform bis zum 27.01.2021 an den Vorstand (gerne per E-Mail an  <a href=\"mailto:foerderverein@gymbrv.eu\">foerderverein@gymbrv.eu<\/a>).<\/p>\n\n\n\n<p>Aufgrund der Durchf\u00fchrung als Online-Versammlung ist eine <strong>Anmeldung per E-Mail<\/strong> an <a href=\"mailto:foerderverein@gymbrv.eu\">foerderverein@gymbrv.eu<\/a> oder \u2013 sollte dies nicht m\u00f6glich sein \u2013 ersatzweise telefonisch unter 0172\/5222223 bzw. 04766\/419 <strong>bis sp\u00e4testens 31.01.2021<\/strong> zwingend erforderlich.<\/p>\n\n\n\n<p>Der Link sowie weitere, hilfreiche Informationen zur Teilnahme werden vorab per E-Mail zur Verf\u00fcgung gestellt. Gleiches gilt f\u00fcr das Protokoll der Vereinsversammlung vom 05.02.2020, den Kassenbericht 2020 und den Haushaltsplan-Entwurf f\u00fcr das Haushaltsjahr 2021.<\/p>\n\n\n\n<p>Mit freundlichen Gr\u00fc\u00dfen<br>gez. Werner Oerding (1. Vorsitzender)<\/p>\n","protected":false},"excerpt":{"rendered":"<p>An alle Mitglieder und Freunde desVereins zur F\u00f6rderung desGymnasiums Bremerv\u00f6rde e. V. Einladung zur ordentlichen Mitgliederversammlung 2021 Liebe Vereinsmitglieder, liebe Freunde des Vereins, wir laden<\/p>\n","protected":false},"author":1,"featured_media":0,"parent":0,"menu_order":0,"comment_status":"closed","ping_status":"closed","template":"","meta":{"footnotes":""},"_links":{"self":[{"href":"https:\/\/www.gymbrv.de\/index.php\/wp-json\/wp\/v2\/pages\/1161"}],"collection":[{"href":"https:\/\/www.gymbrv.de\/index.php\/wp-json\/wp\/v2\/pages"}],"about":[{"href":"https:\/\/www.gymbrv.de\/index.php\/wp-json\/wp\/v2\/types\/page"}],"author":[{"embeddable":true,"href":"https:\/\/www.gymbrv.de\/index.php\/wp-json\/wp\/v2\/users\/1"}],"replies":[{"embeddable":true,"href":"https:\/\/www.gymbrv.de\/index.php\/wp-json\/wp\/v2\/comments?post=1161"}],"version-history":[{"count":12,"href":"https:\/\/www.gymbrv.de\/index.php\/wp-json\/wp\/v2\/pages\/1161\/revisions"}],"predecessor-version":[{"id":1611,"href":"https:\/\/www.gymbrv.de\/index.php\/wp-json\/wp\/v2\/pages\/1161\/revisions\/1611"}],"wp:attachment":[{"href":"https:\/\/www.gymbrv.de\/index.php\/wp-json\/wp\/v2\/media?parent=1161"}],"curies":[{"name":"wp","href":"https:\/\/api.w.org\/{rel}","templated":true}]}}