{"id":13,"date":"2020-02-08T10:58:29","date_gmt":"2020-02-08T09:58:29","guid":{"rendered":"http:\/\/94.130.105.243\/?page_id=13"},"modified":"2024-09-30T12:42:20","modified_gmt":"2024-09-30T10:42:20","slug":"13-2","status":"publish","type":"page","link":"https:\/\/www.gymbrv.de\/index.php\/13-2\/","title":{"rendered":"Impressum \/ Haftungsausschluss"},"content":{"rendered":"\n<ul>\n<li><a href=\"#im_im\">Impressum<\/a><\/li>\n\n\n\n<li><a href=\"#im_hp\">Ansprechpartner Homepage<\/a><\/li>\n\n\n\n<li><a href=\"#im_wp\">WordPress-Theme<\/a><\/li>\n\n\n\n<li><a href=\"#im_ha\">Haftungsausschluss<\/a><\/li>\n<\/ul>\n\n\n\n<h2 class=\"wp-block-heading\" id=\"im_im\">Impressum<\/h2>\n\n\n\n<p><strong>Angaben gem\u00e4\u00df TMG\/MDStV<\/strong><\/p>\n\n\n\n<p><strong>Adresse<\/strong><br>Gymnasium Bremerv\u00f6rde<br>Tetjus-T\u00fcgel-Str. 9<br>27432 Bremerv\u00f6rde<br><br><strong>Schulleitung<\/strong><br>Oberstudiendirektor Dr. Uwe Strohbach<br><br><strong>Kontakt<\/strong><\/p>\n\n\n\n<figure class=\"wp-block-table\"><table><tbody><tr><td>Telefon:<br>E-Mail:<\/td><td>+49(0)4761\/983-5555<br><a aria-label=\"sekretariat@gymbrv.eu (\u00f6ffnet in neuem Tab)\" href=\"mailto:sekretariat@gymbrv.eu\" target=\"_blank\" rel=\"noreferrer noopener\">sekretariat@gymbrv.eu<\/a><\/td><\/tr><\/tbody><\/table><\/figure>\n\n\n\n<p><strong>Schultr\u00e4ger (Diensteanbieter im Sinne des TDG\/MDStV)<\/strong><br>Landkreis Rotenburg (W\u00fcmme)<br>vertreten durch den Landrat<br> Hopfengarten 2<br> 27356 Rotenburg (W\u00fcmme)<\/p>\n\n\n\n<figure class=\"wp-block-table\"><table><tbody><tr><td>\nTelefon:<br>Telefax:<br>E-Mail:\n<\/td><td> +49(0)4261\/983-0<br>+49(0)4261\/983-2199<br><a href=\"mailto:info@lk-row.de\">info@lk-row.de<\/a><\/td><\/tr><\/tbody><\/table><\/figure>\n\n\n\n<h2 class=\"wp-block-heading\" id=\"im_hp\">Ansprechpartner Homepage<\/h2>\n\n\n\n<p>Technischer Betreuer: Lutz Mei\u00dfner (<a href=\"mailto:me@gymbrv.eu\">me@gymbrv.eu<\/a>)<br>Inhalte: Homepage-AG (n\/n)<br>Datenschutz: Volker Ansorge (<a href=\"mailto:as@gymbrv.eu\">as@gymbrv.eu<\/a>)<\/p>\n\n\n\n<h2 class=\"wp-block-heading\" id=\"im_wp\">WordPress Theme<\/h2>\n\n\n\n<p><strong>Gambit<\/strong> by <a rel=\"noreferrer noopener\" href=\"https:\/\/themezee.com\/\" target=\"_blank\">ThemeZee<\/a>. <\/p>\n\n\n\n<h2 class=\"wp-block-heading\" id=\"im_ha\">Haftungsausschluss<\/h2>\n\n\n\n<p><a href=\"http:\/\/www.e-recht24.de\/muster-disclaimer.htm\" target=\"_blank\" rel=\"noreferrer noopener\" aria-label=\" (\u00f6ffnet in neuem Tab)\">Disclaimer<\/a> von eRecht24, dem Portal zum Internetrecht von Rechtsanwalt S\u00f6ren Siebert<\/p>\n\n\n\n<p><strong>Haftung f\u00fcr Inhalte<\/strong><br>Die Inhalte unserer Seiten wurden mit gr\u00f6\u00dfter Sorgfalt erstellt. F\u00fcr  die Richtigkeit, Vollst\u00e4ndigkeit und Aktualit\u00e4t der Inhalte k\u00f6nnen wir  jedoch keine Gew\u00e4hr \u00fcbernehmen. Als Diensteanbieter sind wir gem\u00e4\u00df \u00a7 7  Abs.1 TMG f\u00fcr eigene Inhalte auf diesen Seiten nach den allgemeinen  Gesetzen verantwortlich. Nach \u00a7\u00a7 8 bis 10 TMG sind wir als  Diensteanbieter jedoch nicht verpflichtet, \u00fcbermittelte oder  gespeicherte fremde Informationen zu \u00fcberwachen oder nach Umst\u00e4nden zu  forschen, die auf eine rechtswidrige T\u00e4tigkeit hinweisen.  Verpflichtungen zur Entfernung oder Sperrung der Nutzung von  Informationen nach den allgemeinen Gesetzen bleiben hiervon unber\u00fchrt.  Eine diesbez\u00fcgliche Haftung ist jedoch erst ab dem Zeitpunkt der  Kenntnis einer konkreten Rechtsverletzung m\u00f6glich. Bei Bekanntwerden von  entsprechenden Rechtsverletzungen werden wir diese Inhalte umgehend  entfernen.<\/p>\n\n\n\n<p><strong>Haftung f\u00fcr Links<\/strong><br>Unser Angebot enth\u00e4lt Links zu externen Webseiten Dritter, auf deren  Inhalte wir keinen Einfluss haben. Deshalb k\u00f6nnen wir f\u00fcr diese fremden  Inhalte auch keine Gew\u00e4hr \u00fcbernehmen. F\u00fcr die Inhalte der verlinkten  Seiten ist stets der jeweilige Anbieter oder Betreiber der Seiten  verantwortlich. Die verlinkten Seiten wurden zum Zeitpunkt der  Verlinkung auf m\u00f6gliche Rechtsverst\u00f6\u00dfe \u00fcberpr\u00fcft. Rechtswidrige Inhalte  waren zum Zeitpunkt der Verlinkung nicht erkennbar. Eine permanente  inhaltliche Kontrolle der verlinkten Seiten ist jedoch ohne konkrete  Anhaltspunkte einer Rechtsverletzung nicht zumutbar. Bei Bekanntwerden  von Rechtsverletzungen werden wir derartige Links umgehend entfernen.<\/p>\n\n\n\n<p><strong>Urheberrecht<\/strong><br>Die durch die Seitenbetreiber erstellten Inhalte und Werke auf diesen  Seiten unterliegen dem deutschen Urheberrecht. Die Vervielf\u00e4ltigung,  Bearbeitung, Verbreitung und jede Art der Verwertung au\u00dferhalb der  Grenzen des Urheberrechtes bed\u00fcrfen der schriftlichen Zustimmung des  jeweiligen Autors bzw. Erstellers. Downloads und Kopien dieser Seite  sind nur f\u00fcr den privaten, nicht kommerziellen Gebrauch gestattet.  Soweit die Inhalte auf dieser Seite nicht vom Betreiber erstellt wurden,  werden die Urheberrechte Dritter beachtet. Insbesondere werden Inhalte  Dritter als solche gekennzeichnet. Sollten Sie trotzdem auf eine  Urheberrechtsverletzung aufmerksam werden, bitten wir um einen  entsprechenden Hinweis. Bei Bekanntwerden von Rechtsverletzungen werden  wir derartige Inhalte umgehend entfernen.<\/p>\n\n\n\n<p><strong>Datenschutz<\/strong><br>Die Nutzung unserer Webseite ist in der Regel ohne Angabe  personenbezogener Daten m\u00f6glich. Soweit auf unseren Seiten  personenbezogene Daten (beispielsweise Name, Anschrift oder  eMail-Adressen) erhoben werden, erfolgt dies, soweit m\u00f6glich, stets auf  freiwilliger Basis. Diese Daten werden ohne Ihre ausdr\u00fcckliche  Zustimmung nicht an Dritte weitergegeben.<br>Wir weisen darauf hin, dass  die Daten\u00fcbertragung im Internet (z.B. bei der Kommunikation per  E-Mail) Sicherheitsl\u00fccken aufweisen kann. Ein l\u00fcckenloser Schutz der  Daten vor dem Zugriff durch Dritte ist nicht m\u00f6glich.<br>Der Nutzung von  im Rahmen der Impressumspflicht ver\u00f6ffentlichten Kontaktdaten durch  Dritte zur \u00dcbersendung von nicht ausdr\u00fccklich angeforderter Werbung und  Informationsmaterialien wird hiermit ausdr\u00fccklich widersprochen. Die  Betreiber der Seiten behalten sich ausdr\u00fccklich rechtliche Schritte im  Falle der unverlangten Zusendung von Werbeinformationen, etwa durch  Spam-Mails, vor.<\/p>\n","protected":false},"excerpt":{"rendered":"<p>Impressum Angaben gem\u00e4\u00df TMG\/MDStV AdresseGymnasium Bremerv\u00f6rdeTetjus-T\u00fcgel-Str. 927432 Bremerv\u00f6rde SchulleitungOberstudiendirektor Dr. Uwe Strohbach Kontakt Telefon:E-Mail: +49(0)4761\/983-5555sekretariat@gymbrv.eu Schultr\u00e4ger (Diensteanbieter im Sinne des TDG\/MDStV)Landkreis Rotenburg (W\u00fcmme)vertreten durch den<\/p>\n","protected":false},"author":1,"featured_media":0,"parent":0,"menu_order":0,"comment_status":"closed","ping_status":"closed","template":"","meta":{"footnotes":""},"_links":{"self":[{"href":"https:\/\/www.gymbrv.de\/index.php\/wp-json\/wp\/v2\/pages\/13"}],"collection":[{"href":"https:\/\/www.gymbrv.de\/index.php\/wp-json\/wp\/v2\/pages"}],"about":[{"href":"https:\/\/www.gymbrv.de\/index.php\/wp-json\/wp\/v2\/types\/page"}],"author":[{"embeddable":true,"href":"https:\/\/www.gymbrv.de\/index.php\/wp-json\/wp\/v2\/users\/1"}],"replies":[{"embeddable":true,"href":"https:\/\/www.gymbrv.de\/index.php\/wp-json\/wp\/v2\/comments?post=13"}],"version-history":[{"count":11,"href":"https:\/\/www.gymbrv.de\/index.php\/wp-json\/wp\/v2\/pages\/13\/revisions"}],"predecessor-version":[{"id":4084,"href":"https:\/\/www.gymbrv.de\/index.php\/wp-json\/wp\/v2\/pages\/13\/revisions\/4084"}],"wp:attachment":[{"href":"https:\/\/www.gymbrv.de\/index.php\/wp-json\/wp\/v2\/media?parent=13"}],"curies":[{"name":"wp","href":"https:\/\/api.w.org\/{rel}","templated":true}]}}