{"id":134,"date":"2020-02-08T14:52:17","date_gmt":"2020-02-08T13:52:17","guid":{"rendered":"http:\/\/neu.gymbrv.de\/?page_id=134"},"modified":"2024-06-20T17:37:58","modified_gmt":"2024-06-20T15:37:58","slug":"kontakte","status":"publish","type":"page","link":"https:\/\/www.gymbrv.de\/index.php\/kontakte\/","title":{"rendered":"Kontakte"},"content":{"rendered":"\n<p>Gymnasium Bremerv\u00f6rde<br>Tetjus-T\u00fcgel-Str. 9<br>27432 Bremerv\u00f6rde<br>Tel. 04761 \/ 983 55 55 (Sekretariat)<br>E-Mail sekretariat@gymbrv.eu<\/p>\n\n\n\n<p>(In der Zeit zwischen 10:00 Uhr und 11:00 Uhr ist das Sekretariat geschlossen.)<\/p>\n\n\n\n<p>Alle Lehrerinnen und Lehrer sowie die Mitarbeiterinnen und Mitarbeiter sind per E-Mail unter der Adresse<\/p>\n\n\n\n<p class=\"has-text-align-center\"><strong>&lt;Kurzzeichen&gt;@gymbrv.eu<\/strong><\/p>\n\n\n\n<p>zu erreichen.<\/p>\n\n\n\n<ul>\n<li><a href=\"\/index.php\/kontakte\/schulleitung\/\">Schulleitung<\/a><\/li>\n\n\n\n<li><a href=\"\/index.php\/kontakte\/verwaltung\/\">Verwaltung<\/a> (Sekretariat, Hausmeister, Schulassistenz)<\/li>\n\n\n\n<li><a href=\"https:\/\/www.gymbrv.de\/?page_id=965\">Schulpersonalrat<\/a><\/li>\n\n\n\n<li>Sch\u00fcler-\/Elternvertreter [in Vorbereitung]<\/li>\n\n\n\n<li><a href=\"https:\/\/www.gymbrv.de\/index.php\/lehrkraefte\/\">Lehrkr\u00e4fte<\/a><\/li>\n<\/ul>\n\n\n\n<p><\/p>\n","protected":false},"excerpt":{"rendered":"<p>Gymnasium Bremerv\u00f6rdeTetjus-T\u00fcgel-Str. 927432 Bremerv\u00f6rdeTel. 04761 \/ 983 55 55 (Sekretariat)E-Mail sekretariat@gymbrv.eu (In der Zeit zwischen 10:00 Uhr und 11:00 Uhr ist das Sekretariat geschlossen.) Alle<\/p>\n","protected":false},"author":1,"featured_media":0,"parent":0,"menu_order":0,"comment_status":"closed","ping_status":"closed","template":"","meta":{"footnotes":""},"_links":{"self":[{"href":"https:\/\/www.gymbrv.de\/index.php\/wp-json\/wp\/v2\/pages\/134"}],"collection":[{"href":"https:\/\/www.gymbrv.de\/index.php\/wp-json\/wp\/v2\/pages"}],"about":[{"href":"https:\/\/www.gymbrv.de\/index.php\/wp-json\/wp\/v2\/types\/page"}],"author":[{"embeddable":true,"href":"https:\/\/www.gymbrv.de\/index.php\/wp-json\/wp\/v2\/users\/1"}],"replies":[{"embeddable":true,"href":"https:\/\/www.gymbrv.de\/index.php\/wp-json\/wp\/v2\/comments?post=134"}],"version-history":[{"count":9,"href":"https:\/\/www.gymbrv.de\/index.php\/wp-json\/wp\/v2\/pages\/134\/revisions"}],"predecessor-version":[{"id":3990,"href":"https:\/\/www.gymbrv.de\/index.php\/wp-json\/wp\/v2\/pages\/134\/revisions\/3990"}],"wp:attachment":[{"href":"https:\/\/www.gymbrv.de\/index.php\/wp-json\/wp\/v2\/media?parent=134"}],"curies":[{"name":"wp","href":"https:\/\/api.w.org\/{rel}","templated":true}]}}