{"id":1377,"date":"2021-02-05T08:19:03","date_gmt":"2021-02-05T07:19:03","guid":{"rendered":"https:\/\/www.gymbrv.de\/?page_id=1377"},"modified":"2026-02-20T20:25:40","modified_gmt":"2026-02-20T19:25:40","slug":"lehrkraefte","status":"publish","type":"page","link":"https:\/\/www.gymbrv.de\/index.php\/lehrkraefte\/","title":{"rendered":"Lehrkr\u00e4fte"},"content":{"rendered":"\n<p>Alle Lehrerinnen und Lehrer sind per E-Mail unter der Adresse <strong>&lt;Kurzzeichen&gt;@gymbrv.eu<\/strong> zu erreichen.<\/p>\n\n\n\n<figure class=\"wp-block-table\"><table class=\"has-fixed-layout\"><tbody><tr><td><strong>Name<\/strong><\/td><td><strong>F\u00e4cher<\/strong><\/td><td><strong>Funktion\/Aufgaben<\/strong><\/td><\/tr><tr><td>Herr Ansorge (AS)<\/td><td>Biologie, Musik<\/td><td>Datenschutzbeauftragter (Mail: <a href=\"mailto:datenschutz@gymbrv.eu\">datenschutz@gymbrv.eu<\/a>)<\/td><\/tr><tr><td>Herr Bassen (BA)<\/td><td>Politik\/Wirtschaft, Sport<\/td><td>IT-Beauftragter, Lehrmittel, Mitglied des Schulvorstands<\/td><\/tr><tr><td>Frau Becker (BC)<\/td><td>Franz\u00f6sisch, Ev. Religion<\/td><td><\/td><\/tr><tr><td>Frau Bladauski (BS)<\/td><td>Deutsch, Sport, Ev. Religion<\/td><td>Schulseelsorge mit tierbegleiteten Aktivit\u00e4ten (Hund Kimba und Schulschaf Rudy), Moderatorin im Pr\u00e4ventionsprojekt &#8222;Wir sind stark&#8220;, f. d. RLSB: Beauftragte f\u00fcr den Schulsport im Landkreis Rotenburg, Mitglied des Schulvorstands<\/td><\/tr><tr><td>Herr Dr. Carsten (CA)<\/td><td>Chemie, Biologie<\/td><td><\/td><\/tr><tr><td>Frau Cerff-Treseler (CF)<\/td><td>Englisch, Geschichte, Bili<\/td><td><\/td><\/tr><tr><td>Frau Dahm (DA)<\/td><td>Deutsch, Politik\/Wirtschaft<\/td><td><\/td><\/tr><tr><td>Frau Denouh (DN)<\/td><td>Franz\u00f6sisch, Kunst<\/td><td>Fachobfrau Kunst<\/td><\/tr><tr><td>Frau Eilers (EL)<\/td><td>Geschichte, Politik\/Wirtschaft, Werte und Normen<\/td><td><\/td><\/tr><tr><td>Frau Freienberg (FG)<\/td><td>Deutsch, Englisch<\/td><td>Fachobfrau Englisch, Schulpersonalr\u00e4tin<\/td><\/tr><tr><td>Herr Dr. Gieseke (GI)<\/td><td>Biologie, Chemie, Bili<\/td><td>Fachobmann Chemie, Schulsanit\u00e4tsdienst, Projektleitung Humanit\u00e4re Schule<\/td><\/tr><tr><td>Herr Glandorf (GL)<\/td><td>Mathe, Sport<\/td><td><\/td><\/tr><tr><td>Frau Heins (HE)<\/td><td>Englisch, Religion<\/td><td>Referendarin<\/td><\/tr><tr><td>Frau Hellmi\u00df (HM)<\/td><td>Deutsch, Ev. Religion<\/td><td>Mitglied des Schulvorstands<\/td><\/tr><tr><td>Frau Heupel (HL)<\/td><td>Latein, Geschichte<\/td><td>Fachobfrau Geschichte, Schulpersonalr\u00e4tin<\/td><\/tr><tr><td>Herr Holler (HO)<\/td><td>Englisch, Sport<\/td><td>Stellv. Schulleiter<br>Jahrgangsleitung Sekundarstufe I, Qualit\u00e4tsentwicklung Jg. 5-10<\/td><\/tr><tr><td>Frau Husmann (HU)<\/td><td>Biologie, Ev. Religion<\/td><td>Fachobfrau Religion<\/td><\/tr><tr><td>Herr Jantsch (JA)<\/td><td>Mathematik, Physik<\/td><td>Fachobmann Physik, Sicherheitsbeauftragter<\/td><\/tr><tr><td>Frau Kasper (KS)<\/td><td>Mathematik, Physik<\/td><td>Mitglied des Schulvorstands<\/td><\/tr><tr><td>Frau Kreykenbohm (KY)<\/td><td>Biologie, Sport<\/td><td>Schulmediatorin, Moderatorin im Pr\u00e4ventionsprojekt &#8222;Wir sind stark&#8220;<\/td><\/tr><tr><td>Herr Dr. Kr\u00fcger (KR)<\/td><td>Mathematik, Physik<\/td><td><\/td><\/tr><tr><td>Frau Laufer (LR)<\/td><td>Englisch, Religion<\/td><td><\/td><\/tr><tr><td>Herr Leidig (LG)<\/td><td>Mathematik, Physik, Chemie<\/td><td>Vertretungs- und Aufsichtspl\u00e4ne, Koordination Aufgabenfeld&nbsp;C, Mitglied des Schulvorstands<\/td><\/tr><tr><td>Frau L\u00fcdemann (LU)<\/td><td>Biologie, Chemie<\/td><td>Fachobfrau Biologie, Gleichstellungsbeauftragte<\/td><\/tr><tr><td>Herr L\u00fctjen (LT)<\/td><td>Erdkunde, Geschichte<\/td><td><\/td><\/tr><tr><td>Herr Maaser (MR)<\/td><td>Latein, Geschichte<\/td><td>Fachobmann Latein<\/td><\/tr><tr><td>Frau Mei\u00dfner (MC)<\/td><td>Mathematik, Physik<\/td><td><\/td><\/tr><tr><td>Herr Mei\u00dfner (ME)<\/td><td>Mathematik, Informatik<\/td><td>Erstellung des Stundenplans, Betreuung des EDV-Bereichs<br>Fachobmann Informatik<\/td><\/tr><tr><td>Frau Michaelis (MS)<\/td><td>Erdkunde, Geschichte<\/td><td><\/td><\/tr><tr><td>Frau Miesner (MI)<\/td><td>Spanisch, Geschichte<\/td><td><\/td><\/tr><tr><td>Frau Morgenstern-di Fabio (MO)<\/td><td>Deutsch, Franz\u00f6sisch<\/td><td><\/td><\/tr><tr><td>Herr Nagel (NA)<\/td><td>Englisch, Geschichte, Bili<\/td><td>Fachobmann Bilingualer Unterricht, Schulpersonalrat<\/td><\/tr><tr><td>Frau Neumann (NE)<\/td><td>Mathematik, Physik<\/td><td>Fachobfrau Mathematik, Mitglied des Schulvorstands<\/td><\/tr><tr><td>Frau Nienaber (NB)<\/td><td>Englisch, Biologie, Bili<\/td><td><\/td><\/tr><tr><td>Frau Oesselmann-Moore (OE)<\/td><td>Englisch, Werte und Normen, Philosophie, Darstellendes Spiel<\/td><td><\/td><\/tr><tr><td>Frau Paulmann (PM)<\/td><td>Englisch, Franz\u00f6sisch<\/td><td><\/td><\/tr><tr><td>Frau P\u00fcnjer (PJ)<\/td><td>Englisch, Franz\u00f6sisch, Erdkunde, Bili<\/td><td>Fachobfrau Franz\u00f6sisch<\/td><\/tr><tr><td>Frau Ratke (RT)<\/td><td>Mathematik, Sport<\/td><td>Fachobfrau Sport<\/td><\/tr><tr><td>Frau Dr. Sander (HS)<\/td><td>Biologie, Chemie<\/td><td><\/td><\/tr><tr><td>Herr Sch\u00e4fer (SF)<\/td><td>Englisch, Franz\u00f6sisch<\/td><td><\/td><\/tr><tr><td>Frau Schaub (SU)<\/td><td>Deutsch, Musik<\/td><td>Fachobfrau Musik<\/td><\/tr><tr><td>Frau Schmandt (SC)<\/td><td>Mathematik, Chemie<\/td><td><\/td><\/tr><tr><td>Frau Schmidt (ST)<\/td><td>Geschichte, Erdkunde<\/td><td>Fachobfrau Erdkunde<\/td><\/tr><tr><td>Frau Schnackenberg (SR)<\/td><td>Englisch, Biologie<\/td><td><\/td><\/tr><tr><td>Frau Schulze (SZ)<\/td><td>Englisch, Spanisch<\/td><td><\/td><\/tr><tr><td>Herr Schwarz (SW)<\/td><td>Geschichte, Erdkunde<\/td><td>Fachobmann Erdkunde, Vorsitzender des Schulpersonalrats<\/td><\/tr><tr><td>Herr Seeberger (SG) <\/td><td>Kunst, Werte und Normen<\/td><td><\/td><\/tr><tr><td>Frau Steenbock (SK)<\/td><td>Deutsch, Latein<\/td><td><\/td><\/tr><tr><td>Herr Steinfeld (SE)<\/td><td>Deutsch, Geschichte<\/td><td><\/td><\/tr><tr><td>Herr Dr. Strohbach (SB)<\/td><td>Biologie, Chemie<\/td><td>Schulleiter<\/td><\/tr><tr><td>Frau Teschemacher (TE)<\/td><td>Englisch, Franz\u00f6sisch<\/td><td><\/td><\/tr><tr><td>Frau Tiemann (TI)<\/td><td>Mathematik, Erdkunde<\/td><td><\/td><\/tr><tr><td>Herr Treseler (TR)<\/td><td>Deutsch, Geschichte<\/td><td>f. d. RLSB: Fachberater Deutsch an Gymnasien<br>Fachobmann Deutsch<\/td><\/tr><tr><td>Frau Verhoeven (VH)<\/td><td>Franz\u00f6sisch, Sport<\/td><td><\/td><\/tr><tr><td>Herr Wei\u00dfenborn (WE)<\/td><td>Mathematik, Musik<\/td><td>Referendar<\/td><\/tr><tr><td>Frau von der Weth (WT)<\/td><td>Franz\u00f6sisch, Deutsch<\/td><td>Schulfachliche Koordinatorin<br>Koordination Aufgabenfeld&nbsp;A,<br>Jahrgangsleitung Sekundarstufe II<\/td><\/tr><tr><td>Herr Dr. Wille (WL)<\/td><td>Mathematik, Physik<\/td><td>Schulfachlicher Koordinator, Koordination Aufgabenfeld&nbsp;C<\/td><\/tr><tr><td>Herr Wurster (WU)<\/td><td>Geschichte, Politik\/Wirtschaft, Sport<\/td><td>Beratungslehrer, Moderator im Pr\u00e4ventionsprojekt &#8222;Wir sind stark&#8220;<\/td><\/tr><tr><td>Herr Zerjathke (ZJ)<\/td><td>Deutsch, Politik\/Wirtschaft<\/td><td>Fachobmann Politik\/Wirtschaft<\/td><\/tr><tr><td>Frau Zogalla (ZG)<\/td><td>Englisch, Geschichte, Werte und Normen, Bili<\/td><td>Fachobfrau Werte und Normen, Schulpersonalr\u00e4tin<\/td><\/tr><\/tbody><\/table><\/figure>\n\n\n\n<p><\/p>\n","protected":false},"excerpt":{"rendered":"<p>Alle Lehrerinnen und Lehrer sind per E-Mail unter der Adresse &lt;Kurzzeichen&gt;@gymbrv.eu zu erreichen. Name F\u00e4cher Funktion\/Aufgaben Herr Ansorge (AS) Biologie, Musik Datenschutzbeauftragter (Mail: datenschutz@gymbrv.eu) Herr<\/p>\n","protected":false},"author":2,"featured_media":0,"parent":0,"menu_order":0,"comment_status":"closed","ping_status":"closed","template":"","meta":{"footnotes":""},"_links":{"self":[{"href":"https:\/\/www.gymbrv.de\/index.php\/wp-json\/wp\/v2\/pages\/1377"}],"collection":[{"href":"https:\/\/www.gymbrv.de\/index.php\/wp-json\/wp\/v2\/pages"}],"about":[{"href":"https:\/\/www.gymbrv.de\/index.php\/wp-json\/wp\/v2\/types\/page"}],"author":[{"embeddable":true,"href":"https:\/\/www.gymbrv.de\/index.php\/wp-json\/wp\/v2\/users\/2"}],"replies":[{"embeddable":true,"href":"https:\/\/www.gymbrv.de\/index.php\/wp-json\/wp\/v2\/comments?post=1377"}],"version-history":[{"count":40,"href":"https:\/\/www.gymbrv.de\/index.php\/wp-json\/wp\/v2\/pages\/1377\/revisions"}],"predecessor-version":[{"id":4569,"href":"https:\/\/www.gymbrv.de\/index.php\/wp-json\/wp\/v2\/pages\/1377\/revisions\/4569"}],"wp:attachment":[{"href":"https:\/\/www.gymbrv.de\/index.php\/wp-json\/wp\/v2\/media?parent=1377"}],"curies":[{"name":"wp","href":"https:\/\/api.w.org\/{rel}","templated":true}]}}