{"id":139,"date":"2020-02-08T15:01:26","date_gmt":"2020-02-08T14:01:26","guid":{"rendered":"http:\/\/neu.gymbrv.de\/?page_id=139"},"modified":"2020-02-08T15:01:26","modified_gmt":"2020-02-08T14:01:26","slug":"foerderverein","status":"publish","type":"page","link":"https:\/\/www.gymbrv.de\/index.php\/foerderverein\/","title":{"rendered":"F\u00f6rderverein"},"content":{"rendered":"\n<h3 class=\"wp-block-heading\">Liebe Eltern, liebe Freunde des Gymnasiums Bremerv\u00f6rde!<\/h3>\n\n\n\n<p>Bereits\n seit dem 27. Oktober 1977 unterst\u00fctzt der Verein zur F\u00f6rderung des \nGymnasiums Bremer\u00adv\u00f6rde die Sch\u00fclerinnen und Sch\u00fcler, f\u00f6rdert Arbeit und\n Schulleben an unserem Gymnasium. In unser\u00ader Satzung hei\u00dft es: <\/p>\n\n\n\n<p class=\"has-text-align-center\"><em><strong>\u201eZweck\n des Vereins ist die F\u00f6rderung der Bildung und Erziehung am Gym\u00adnasium \nBremerv\u00f6rde in ideeller und materieller Hinsicht, durch die Be\u00adschaffung\n und Bereitstellung von Mitteln aller Art \u2026\u201c.<\/strong><\/em><\/p>\n\n\n\n<p>Dies\n gilt insbesondere dann, wenn keine Fi\u00adnan\u00adzierung durch den Schultr\u00e4ger\n m\u00f6g\u00adlich ist und besonders ger\u00adne, um au\u00dferordentliches En\u00adga\u00adge\u00adment \nvon Lehrern, Sch\u00fclerinnen und Sch\u00fc\u00adlern oder Eltern zu unterst\u00fctzen.<\/p>\n\n\n\n<p>Was f\u00f6rdern wir?<\/p>\n\n\n\n<ul><li> Workshops<\/li><li> Chor- und Orchesterfreizeit<\/li><li> Skifreizeit, Tenniskurs, Kreativ-AG<\/li><li> Projekte (z. B. \u201eWehr Dich&#8220;, Zu\u00adkunfts\u00ad\u00adtag, \u201eMa\u00adthe im Advent&#8220; oder \u201eJugend forscht&#8220;) <\/li><li> No\u00adten\u00adbl\u00e4tter, engli\u00adsche Li\u00adteratur, Klas\u00adsen\u00ads\u00e4t\u00adze Duden, Liederb\u00fccher und At\u00adlan\u00adten<\/li><li> Bilderrahmen \/ Stellw\u00e4nde zur Pr\u00e4sentation von Kunst\u00adarbeiten im Schulge\u00adb\u00e4u\u00adde<\/li><li> Uhren f\u00fcr die Klassenzimmer<\/li><li> Rollwagen und Spielger\u00e4te f\u00fcr eine \u201eBe\u00adweg\u00adte Pause&#8220;<\/li><li> Kleidung f\u00fcr Schulsanit\u00e4tsdienst<\/li><li> Schultimer als Willkommensgru\u00df f\u00fcr die Sch\u00fc\u00adler\u00adinnen und Sch\u00fcler der 5. Klassen<\/li><li> DVDs zur Erweiterung der Schul\u00adbiblio\u00adthek<\/li><li> Mobile CD-Spieler, Verst\u00e4rker- und Laut\u00adspre\u00adcher\u00adanla\u00adgen, E-Piano und Dudelsack f\u00fcr Mu\u00adsikunterricht und -veranstaltungen<\/li><li> Sporttrikots f\u00fcr die Teilnehmer am Wett\u00adbe\u00adwerb \u201eJugend trai\u00adniert f\u00fcr Olympia&#8220; <\/li><\/ul>\n\n\n\n<p>Es\n gibt F\u00e4lle, in denen El\u00adtern die Kosten f\u00fcr Klas\u00adsen\u00adfahrten o. \u00e4. \nnicht tra\u00adgen k\u00f6n\u00adnen und den\u00adnoch keinen Anspruch auf \u201eLeis\u00adtungen f\u00fcr \nBildung und Teil\u00adhabe&#8220; haben. Der F\u00f6r\u00adderverein m\u00f6chte, dass kein \nSch\u00fc\u00adler auf\u00adgrund der finanziellen M\u00f6glich\u00adkeiten seines Eltern\u00adhauses \nvon schul\u00adischen Ver\u00adan\u00adstal\u00adtun\u00adgen fern\u00adblei\u00adben muss und \u00fc\u00adbernimmt \ndaher als Soli\u00addar\u00adge\u00admein\u00adschaft auf Antrag und im Vertrauen \ner\u00adfor\u00adder\u00adliche, anteilige Kos\u00adten.<\/p>\n\n\n\n<p>Der  Verein bezieht seine Mittel im Wesentlichen aus Mit\u00adglieds\u00adbeitr\u00e4gen.  Wir werben aber auch um ein\u00adma\u00adlige Spen\u00adden von Per\u00adso\u00adnen und  ge\u00adwerb\u00adlichen Spon\u00adso\u00adren. \u00dcber <a href=\"http:\/\/www.bildungsspender.de\/gymbrv\" target=\"_blank\" rel=\"noreferrer noopener\" aria-label=\" (\u00f6ffnet in neuem Tab)\">www.bildungsspender.de<\/a> und  an\u00adde\u00adre Spendenkauf-Portale k\u00f6nnen zudem beim On\u00adline\u00ad-Shopping  Spen\u00adden der Interneth\u00e4ndler f\u00fcr un\u00adse\u00adren Ver\u00adein gesammelt werden.<\/p>\n\n\n\n<p><strong>Unterst\u00fctzen Sie uns durch Ihre Mitgliedschaft &#8211; bereits mit 12 Euro sind Sie dabei!<\/strong><\/p>\n","protected":false},"excerpt":{"rendered":"<p>Liebe Eltern, liebe Freunde des Gymnasiums Bremerv\u00f6rde! Bereits seit dem 27. Oktober 1977 unterst\u00fctzt der Verein zur F\u00f6rderung des Gymnasiums Bremer\u00adv\u00f6rde die Sch\u00fclerinnen und Sch\u00fcler,<\/p>\n","protected":false},"author":1,"featured_media":0,"parent":0,"menu_order":0,"comment_status":"closed","ping_status":"closed","template":"","meta":{"footnotes":""},"_links":{"self":[{"href":"https:\/\/www.gymbrv.de\/index.php\/wp-json\/wp\/v2\/pages\/139"}],"collection":[{"href":"https:\/\/www.gymbrv.de\/index.php\/wp-json\/wp\/v2\/pages"}],"about":[{"href":"https:\/\/www.gymbrv.de\/index.php\/wp-json\/wp\/v2\/types\/page"}],"author":[{"embeddable":true,"href":"https:\/\/www.gymbrv.de\/index.php\/wp-json\/wp\/v2\/users\/1"}],"replies":[{"embeddable":true,"href":"https:\/\/www.gymbrv.de\/index.php\/wp-json\/wp\/v2\/comments?post=139"}],"version-history":[{"count":1,"href":"https:\/\/www.gymbrv.de\/index.php\/wp-json\/wp\/v2\/pages\/139\/revisions"}],"predecessor-version":[{"id":140,"href":"https:\/\/www.gymbrv.de\/index.php\/wp-json\/wp\/v2\/pages\/139\/revisions\/140"}],"wp:attachment":[{"href":"https:\/\/www.gymbrv.de\/index.php\/wp-json\/wp\/v2\/media?parent=139"}],"curies":[{"name":"wp","href":"https:\/\/api.w.org\/{rel}","templated":true}]}}