{"id":3124,"date":"2022-12-20T10:33:06","date_gmt":"2022-12-20T09:33:06","guid":{"rendered":"https:\/\/www.gymbrv.de\/?page_id=3124"},"modified":"2022-12-20T10:33:06","modified_gmt":"2022-12-20T09:33:06","slug":"einverstaendniserklaerung-zur-datenspeicherung-und-verwendung-der-daten-zu-informationszwecken","status":"publish","type":"page","link":"https:\/\/www.gymbrv.de\/index.php\/einverstaendniserklaerung-zur-datenspeicherung-und-verwendung-der-daten-zu-informationszwecken\/","title":{"rendered":"Einverst\u00e4ndniserkl\u00e4rung zur Datenspeicherung und Verwendung der Daten zu Informationszwecken"},"content":{"rendered":"\n<p>Die Gymnasium Bremerv\u00f6rde speichert Daten, um ehemalige Sch\u00fclerinnen und Sch\u00fcler \u00fcber Neuigkeiten zu informieren.<\/p>\n\n\n\n<p>Ihre Daten werden unter Wahrung der DSGVO elektronisch gespeichert. Zugang zu Ihren Daten haben nur Personen, die zur Datenverarbeitung berechtigt sind. Das Gymnasium Bremerv\u00f6rde verarbeitet personenbezogene Daten auf Grundlage der Bestimmungen der Datenschutzgrundverordnung (DSGVO). Die Verarbeitung erfolgt auf Basis von Einwilligungen nach Art. 6 Abs. 1 und Art. 7 DSGVO zur Verarbeitung personenbezogener Daten f\u00fcr bestimmte Zwecke unter Wahrung der jeweils aktuellen und notwendigen Ma\u00dfnahmen der Datensicherheit sowie unter Aufsicht des Datenschutzbeauftragten. Sie k\u00f6nnen sich auch direkt an unseren Datenschutzbeauftragten unter der E-Mail-Adresse datenschutz@gymbrv.eu wenden. Die erhobenen Daten werden gel\u00f6scht, sobald sie f\u00fcr ihre Zweckbestimmung nicht mehr erforderlich sind und der L\u00f6schung keine gesetzlichen Aufbewahrungspflichten entgegenstehen. F\u00fcr die f\u00fcr den vorbezeichneten Zweck erforderliche Datenverarbeitung m\u00f6chten wir Sie um Ihre Einwilligung bitten. Die Einwilligung ist freiwillig und kann gem. Art. 7 Abs. 3 DSGVO jederzeit mit Wirkung f\u00fcr die Zukunft widerrufen werden. Dar\u00fcber hinaus haben Sie nach Ma\u00dfgabe des Art. 17 DSGVO das Recht, dass betreffende Daten unverz\u00fcglich gel\u00f6scht werden bzw. alternativ nach Ma\u00dfgabe des Art. 18 DSGVO eine Einschr\u00e4nkung der Verarbeitung der Daten zu verlangen. Wir werden dann Ihre personenbezogenen Daten nicht mehr verarbeiten bzw. unverz\u00fcglich l\u00f6schen. Sie sind gem\u00e4\u00df Artikel 15 DSGVO jederzeit berechtigt, das Gymnasium Bremerv\u00f6rde um Auskunftserteilung zu den zu Ihrer Person gespeicherten Daten zu ersuchen.<\/p>\n\n\n\n<p>Mit dem ankreuzen des Feldes \u201eEinwilligung Datenspeicherung\u201c willigen Sie ein, dass Ihre Daten erhoben, gespeichert und zu den in diesem Informationsschreiben genannten Zwecken genutzt werden d\u00fcrfen. Die Einwilligung jederzeit schriftlich oder per E-Mail mit Wirkung f\u00fcr die Zukunft widerrufen werden.<\/p>\n\n\n\n<p><\/p>\n","protected":false},"excerpt":{"rendered":"<p>Die Gymnasium Bremerv\u00f6rde speichert Daten, um ehemalige Sch\u00fclerinnen und Sch\u00fcler \u00fcber Neuigkeiten zu informieren. Ihre Daten werden unter Wahrung der DSGVO elektronisch gespeichert. Zugang zu<\/p>\n","protected":false},"author":1,"featured_media":0,"parent":0,"menu_order":0,"comment_status":"closed","ping_status":"closed","template":"","meta":{"footnotes":""},"_links":{"self":[{"href":"https:\/\/www.gymbrv.de\/index.php\/wp-json\/wp\/v2\/pages\/3124"}],"collection":[{"href":"https:\/\/www.gymbrv.de\/index.php\/wp-json\/wp\/v2\/pages"}],"about":[{"href":"https:\/\/www.gymbrv.de\/index.php\/wp-json\/wp\/v2\/types\/page"}],"author":[{"embeddable":true,"href":"https:\/\/www.gymbrv.de\/index.php\/wp-json\/wp\/v2\/users\/1"}],"replies":[{"embeddable":true,"href":"https:\/\/www.gymbrv.de\/index.php\/wp-json\/wp\/v2\/comments?post=3124"}],"version-history":[{"count":1,"href":"https:\/\/www.gymbrv.de\/index.php\/wp-json\/wp\/v2\/pages\/3124\/revisions"}],"predecessor-version":[{"id":3125,"href":"https:\/\/www.gymbrv.de\/index.php\/wp-json\/wp\/v2\/pages\/3124\/revisions\/3125"}],"wp:attachment":[{"href":"https:\/\/www.gymbrv.de\/index.php\/wp-json\/wp\/v2\/media?parent=3124"}],"curies":[{"name":"wp","href":"https:\/\/api.w.org\/{rel}","templated":true}]}}