{"id":3135,"date":"2022-12-23T12:50:48","date_gmt":"2022-12-23T11:50:48","guid":{"rendered":"https:\/\/www.gymbrv.de\/?page_id=3135"},"modified":"2023-02-07T13:31:57","modified_gmt":"2023-02-07T12:31:57","slug":"geschichte","status":"publish","type":"page","link":"https:\/\/www.gymbrv.de\/index.php\/faecher\/geschichte\/","title":{"rendered":"Geschichte"},"content":{"rendered":"\n<p>Warum sollte mich interessieren, was in den vergangenen Jahrhunderten passiert ist? Diese Frage stellen sich vielleicht einige, die das Fach Geschichte nicht kennen.<\/p>\n\n\n\n<p>Im Unterrichtsfach Geschichte geht es aber nicht nur um Daten und Ereignisse in der Vergangenheit, es geht um viel mehr:<\/p>\n\n\n\n<p>Es geht darum zu verstehen, warum unser heutiges Leben so gestaltet ist, wie wir es erleben. Dass wir zum Beispiel heute in Freiheit und Demokratie leben und durch Wahlen mitbestimmen k\u00f6nnen, wie unser Leben in den n\u00e4chsten Jahren gestaltet wird, unsere Meinung frei \u00e4u\u00dfern und den Beruf w\u00e4hlen und erlernen k\u00f6nnen, den wir wollen, das alles verdanken wir Menschen, die in den letzten Jahrhunderten f\u00fcr diese Rechte gek\u00e4mpft haben.<\/p>\n\n\n\n<p>Wer waren diese Menschen? Wie haben sie damals gelebt? Was haben sie erlebt? Was hat sie bewegt, f\u00fcr welche Ziele haben sie sich eingesetzt? Welche Erfahrungen haben sie gemacht und was haben und hat sie ver\u00e4ndert?<\/p>\n\n\n\n<p>Das Zusammenleben der Menschen in einem Staat und der Staaten auf der Welt ist gepr\u00e4gt von den Erfahrungen, die in der Vergangenheit gemacht wurden.<\/p>\n\n\n\n<p>Warum wurde und wird heute noch Krieg gef\u00fchrt? Welche Erkl\u00e4rungen finden wir in der Geschichte? Wie kann man Kriege verhindern?<\/p>\n\n\n\n<p>Viele unserer heutigen Probleme lassen sich durch die Geschichte erkl\u00e4ren, es gibt Beispiel in der Vergangenheit f\u00fcr \u00e4hnliche Situationen. Was haben die Menschen damals getan, um diese zu l\u00f6sen?<\/p>\n\n\n\n<p>Und letztendlich geht es darum, aus dem, was fr\u00fcher geschah, f\u00fcr unsere heutige Welt zu lernen, um Entwicklungen zu erkennen und die Fehler, die in der Vergangenheit durch falsche Entscheidungen gemacht wurde, nicht zu wiederholen.<\/p>\n\n\n\n<p>Der Geschichtsunterricht vermittelt Einblicke in Strukturen und Systeme, Traditionen und Ideen, die weiterentwickelt und verbessert wurden zu der Welt, in der wir heute leben. Deshalb ist es wichtig, sich mit der Vergangenheit zu befassen.<\/p>\n\n\n\n<p>Denn nur wer die Vergangenheit kennt, kann das Heute verstehen und das Morgen mitgestalten und verbessern.<\/p>\n\n\n\n<p class=\"has-text-align-center\">\u2190\u00a0<a href=\"https:\/\/www.gymbrv.de\/index.php\/faecher\/erdkunde\/\">Erdkunde<\/a>\u00a0\u00a0\u00a0\u00a0\u00a0\u00a0\u00a0\u00a0\u2191\u00a0<a href=\"https:\/\/www.gymbrv.de\/index.php\/faecher\/\">F\u00e4cher-\u00dcbersicht<\/a>\u00a0\u00a0\u00a0\u00a0\u00a0\u00a0\u00a0\u00a0\u2192 <a href=\"https:\/\/www.gymbrv.de\/index.php\/faecher\/politik-wirtschaft-ab-klasse-8\/\">Politik-Wirtschaft<\/a><\/p>\n","protected":false},"excerpt":{"rendered":"<p>Warum sollte mich interessieren, was in den vergangenen Jahrhunderten passiert ist? Diese Frage stellen sich vielleicht einige, die das Fach Geschichte nicht kennen. Im Unterrichtsfach<\/p>\n","protected":false},"author":1,"featured_media":0,"parent":419,"menu_order":4,"comment_status":"closed","ping_status":"closed","template":"","meta":{"footnotes":""},"_links":{"self":[{"href":"https:\/\/www.gymbrv.de\/index.php\/wp-json\/wp\/v2\/pages\/3135"}],"collection":[{"href":"https:\/\/www.gymbrv.de\/index.php\/wp-json\/wp\/v2\/pages"}],"about":[{"href":"https:\/\/www.gymbrv.de\/index.php\/wp-json\/wp\/v2\/types\/page"}],"author":[{"embeddable":true,"href":"https:\/\/www.gymbrv.de\/index.php\/wp-json\/wp\/v2\/users\/1"}],"replies":[{"embeddable":true,"href":"https:\/\/www.gymbrv.de\/index.php\/wp-json\/wp\/v2\/comments?post=3135"}],"version-history":[{"count":6,"href":"https:\/\/www.gymbrv.de\/index.php\/wp-json\/wp\/v2\/pages\/3135\/revisions"}],"predecessor-version":[{"id":3380,"href":"https:\/\/www.gymbrv.de\/index.php\/wp-json\/wp\/v2\/pages\/3135\/revisions\/3380"}],"up":[{"embeddable":true,"href":"https:\/\/www.gymbrv.de\/index.php\/wp-json\/wp\/v2\/pages\/419"}],"wp:attachment":[{"href":"https:\/\/www.gymbrv.de\/index.php\/wp-json\/wp\/v2\/media?parent=3135"}],"curies":[{"name":"wp","href":"https:\/\/api.w.org\/{rel}","templated":true}]}}