{"id":3364,"date":"2023-02-07T13:22:26","date_gmt":"2023-02-07T12:22:26","guid":{"rendered":"https:\/\/www.gymbrv.de\/?page_id=3364"},"modified":"2023-02-16T10:23:52","modified_gmt":"2023-02-16T09:23:52","slug":"politik-wirtschaft-ab-klasse-8","status":"publish","type":"page","link":"https:\/\/www.gymbrv.de\/index.php\/faecher\/politik-wirtschaft-ab-klasse-8\/","title":{"rendered":"Politik-Wirtschaft (ab Klasse 8)"},"content":{"rendered":"\n<p class=\"has-text-align-left\">Die Komplexit\u00e4t moderner Gesellschaften, die sich aus den strukturellen Zusammenh\u00e4ngen zwischen Politik, Wirtschaft und Gesellschaft ergibt, erschlie\u00dft sich den B\u00fcrgerinnen und B\u00fcrgern nicht allein aus eigenen Alltagserfahrungen.<\/p>\n\n\n\n<p>Die zentrale Aufgabe des Unterrichtsfaches Politik-Wirtschaft ist es, die Sch\u00fclerinnen und Sch\u00fcler in die Lage zu versetzen, politische, wirtschaftliche und gesellschaftliche Sachverhalte, Probleme und Interdependenzen zu erfassen, zu beurteilen sowie Interessen zu artikulieren und Entscheidungen zu treffen. Die im Bereich der politischen und \u00f6konomischen Bildung erwarteten Kompetenzen sollen die Lernenden dazu bef\u00e4higen, sich in der demokratischen Gesellschaft in \u00f6ffentlichen Angelegenheiten und \u00f6konomischen Situationen verantwortungsbewusst einzubringen und die Schule als m\u00fcndige B\u00fcrgerinnen und B\u00fcrger zu verlassen.<\/p>\n\n\n\n<p>Ausgangspunkt der Unterrichtsplanung ist das vom Nieders\u00e4chsischen Landtag verabschiedete Kerncurriculum. Dessen Vorgaben hat die Fachschaft Politik-Wirtschaft in einem schuleigenen Curriculum, getrennt nach den Jahrgangsstufen, konkret umgesetzt.<\/p>\n\n\n\n<p>Fachkollegium (Stand 2023): Herr Bassen, Herr Bollmeier, Frau Dahm, Frau Eilers, Herr Zerjathke (Fachobmann und Ansprechpartner f\u00fcr Fachschaftsangelegenheiten wie das Betriebspraktikum, das Management Information Game kurz MIG und die Berufsorientierung)<\/p>\n\n\n\n<p>Weitere Informationen \/ Dokumente (externe Links \u00f6ffnen in neuer Seite):<\/p>\n\n\n\n<ul>\n<li><a href=\"https:\/\/cuvo.nibis.de\/cuvo.php?p=download&amp;upload=65\" target=\"_blank\" rel=\"noreferrer noopener\">Kerncurriculum f\u00fcr die Sekundarstufe I<\/a><\/li>\n\n\n\n<li><a href=\"https:\/\/cuvo.nibis.de\/cuvo.php?p=download&amp;upload=205\" target=\"_blank\" rel=\"noreferrer noopener\">Kerncurriculum f\u00fcr die Sekundarstufe II<\/a><\/li>\n<\/ul>\n\n\n\n<p class=\"has-text-align-center\">\u2190 <a href=\"https:\/\/www.gymbrv.de\/index.php\/faecher\/geschichte\/\">Geschichte<\/a>&nbsp;&nbsp;&nbsp;&nbsp;&nbsp;&nbsp;&nbsp; \u2191&nbsp;<a href=\"https:\/\/www.gymbrv.de\/?page_id=419\">F\u00e4cher-\u00dcbersicht<\/a>&nbsp;&nbsp;&nbsp;&nbsp;&nbsp;&nbsp;&nbsp;&nbsp;&nbsp;&nbsp;&nbsp;&nbsp;&nbsp;&nbsp;&nbsp; \u2192 <a href=\"https:\/\/www.gymbrv.de\/index.php\/religion\/\">Religion<\/a><\/p>\n","protected":false},"excerpt":{"rendered":"<p>Die Komplexit\u00e4t moderner Gesellschaften, die sich aus den strukturellen Zusammenh\u00e4ngen zwischen Politik, Wirtschaft und Gesellschaft ergibt, erschlie\u00dft sich den B\u00fcrgerinnen und B\u00fcrgern nicht allein aus<\/p>\n","protected":false},"author":1,"featured_media":0,"parent":419,"menu_order":0,"comment_status":"closed","ping_status":"closed","template":"","meta":{"footnotes":""},"_links":{"self":[{"href":"https:\/\/www.gymbrv.de\/index.php\/wp-json\/wp\/v2\/pages\/3364"}],"collection":[{"href":"https:\/\/www.gymbrv.de\/index.php\/wp-json\/wp\/v2\/pages"}],"about":[{"href":"https:\/\/www.gymbrv.de\/index.php\/wp-json\/wp\/v2\/types\/page"}],"author":[{"embeddable":true,"href":"https:\/\/www.gymbrv.de\/index.php\/wp-json\/wp\/v2\/users\/1"}],"replies":[{"embeddable":true,"href":"https:\/\/www.gymbrv.de\/index.php\/wp-json\/wp\/v2\/comments?post=3364"}],"version-history":[{"count":11,"href":"https:\/\/www.gymbrv.de\/index.php\/wp-json\/wp\/v2\/pages\/3364\/revisions"}],"predecessor-version":[{"id":3488,"href":"https:\/\/www.gymbrv.de\/index.php\/wp-json\/wp\/v2\/pages\/3364\/revisions\/3488"}],"up":[{"embeddable":true,"href":"https:\/\/www.gymbrv.de\/index.php\/wp-json\/wp\/v2\/pages\/419"}],"wp:attachment":[{"href":"https:\/\/www.gymbrv.de\/index.php\/wp-json\/wp\/v2\/media?parent=3364"}],"curies":[{"name":"wp","href":"https:\/\/api.w.org\/{rel}","templated":true}]}}