{"id":3449,"date":"2023-02-15T18:27:17","date_gmt":"2023-02-15T17:27:17","guid":{"rendered":"https:\/\/www.gymbrv.de\/?page_id=3449"},"modified":"2026-01-18T15:43:41","modified_gmt":"2026-01-18T14:43:41","slug":"werte-und-normen","status":"publish","type":"page","link":"https:\/\/www.gymbrv.de\/index.php\/werte-und-normen\/","title":{"rendered":"<strong>Herzliche Willkommen im Fach Werte und Normen!<\/strong>"},"content":{"rendered":"\n<p>Auch am Gymnasium Bremerv\u00f6rde m\u00fcsst ihr entweder am Religionsunterricht oder am Werte und Normen Unterricht teilnehmen.<\/p>\n\n\n\n<p>Zum n\u00e4heren Vorgehen der Auswahl haben wir Euch ganz am Ende die Vorgehensweise erl\u00e4utert.<\/p>\n\n\n\n<p>Im Folgenden m\u00f6chten wir Euch nun etwas dar\u00fcber erz\u00e4hlen was wir in Werte und Normen unterrichten.<\/p>\n\n\n\n<p>Werte und Normen begegnen uns \u00fcberall und sie sind von enormer Wichtigkeit f\u00fcr uns selbst und nat\u00fcrlich auch f\u00fcr das Miteinander.<\/p>\n\n\n\n<p>Wir fragen uns zum Beispiel wer wir eigentlich sind?<\/p>\n\n\n\n<p>Wen sehen wir wenn wir in den Spiegel schauen? Einen Menschen? Eine Person? Ein Wesen? Eine Tochter oder einen Sohn? Einen Freund? Vielleicht Jemanden, der Probleme hat oder \u00c4ngste? Konflikte mit seinen Mitmenschen? Oder auch einen \u00fcberaus gl\u00fccklichen Menschen? Aber was ist Gl\u00fcck eigentlich? Sind wir f\u00fcr unser Gl\u00fcck selbst verantwortlich? Welche Rolle spielen meine Mitmenschen dabei damit ich gl\u00fccklich bin, oder auch ungl\u00fccklich? Welchen Konflikten muss ich mich stellen?<\/p>\n\n\n\n<p>Bin auch ich ein guter Freund? Bin ich f\u00fcr meine Freunde und Familie verantwortlich? Vielleicht auch f\u00fcr die Natur und die Umwelt? F\u00fcr die Tiere? Aber was k\u00f6nnte ich hier tun? Wie verhalte ich mich richtig? Gibt es das \u00fcberhaupt? Und gilt das f\u00fcr alle Menschen gleich, unabh\u00e4ngig von ihrer Religion, Herkunft oder auch ihrem Geschlecht \u2026 und und und \u2026<\/p>\n\n\n\n<p>All diese Fragen und viele mehr besch\u00e4ftigen uns. Dabei betrachten wir immer pro Doppeljahrgang der Sekundarstufe I (Klasse 5-10) f\u00fcnf sogenannte Rahmenthemen:<\/p>\n\n\n\n<ul>\n<li>Fragen nach dem <strong>Ich<\/strong><\/li>\n\n\n\n<li>Fragen nach der <strong>Zukunft<\/strong><\/li>\n\n\n\n<li>Fragen nach <strong>Moral und Ethik<\/strong><\/li>\n\n\n\n<li>Fragen nach der <strong>Wirklichkeit<\/strong><\/li>\n\n\n\n<li>Fragen nach <strong>Orientierungsm\u00f6glichkeiten<\/strong><\/li>\n<\/ul>\n\n\n\n<p>Werte und Normen wird von der f\u00fcnften bis einschlie\u00dflich der dreizehnten Jahrgangsstufe angeboten, und auch das Abitur wird in diesem Fach abgenommen.<\/p>\n\n\n\n<p>In der Oberstufe (Jahrgang 11-13) werden die folgenden Rahmenthemen bearbeitet:<\/p>\n\n\n\n<figure class=\"wp-block-table\"><table><tbody><tr><td>11\/1<\/td><td>Recht und Gerechtigkeit<\/td><\/tr><tr><td>11\/2<\/td><td>Religionen und Weltanschauungen<\/td><\/tr><tr><td>12\/1<\/td><td>Anthropologie (Dimensionen des Menschseins)<\/td><\/tr><tr><td>12\/2<\/td><td>Ethik (&amp; Moral)<\/td><\/tr><tr><td>13\/1<\/td><td>Wahrheit und Wirklichkeit (Wahrheitsanspr\u00fcche)<\/td><\/tr><tr><td>13\/2<\/td><td>Lebensentw\u00fcrfe (Sinn, Gl\u00fcck und Krisenerfahrungen)<\/td><\/tr><\/tbody><\/table><\/figure>\n\n\n\n<p>Nun zur\u00fcck zu der schwierigen Frage: Religion oder Werte und Normen?<\/p>\n\n\n\n<p>Alle evangelischen Sch\u00fclerinnen und Sch\u00fcler sind zun\u00e4chst einmal laut Erlass des Nieders\u00e4chsischen Kultusministeriums grunds\u00e4tzlich verpflichtet am evangelischen Religionsunterricht teilzunehmen.<\/p>\n\n\n\n<p>Diese Verpflichtung entf\u00e4llt bei schriftlicher Abmeldung. Ebenso ist auch ein Wechsel von Religion zu Werte und Normen &#8211; sowie umgekehrt \u2013 nur mit entsprechender schriftlicher Begr\u00fcndung m\u00f6glich.<\/p>\n\n\n\n<p>\u00dcber die Teilnahme am Religionsunterricht oder Werte und Normen Unterricht bestimmen die Erziehungsberechtigen. Nach der Vollendung des 14. Lebensjahres steht dieses Recht den religionsm\u00fcndigen Sch\u00fclerinnen und Sch\u00fclern zu. Sch\u00fclerinnen und Sch\u00fcler, die nicht am Religionsunterricht teilnehmen m\u00f6chten, sind stattdessen zur Teilnahme am Unterricht Werte und Normen verpflichtet.<\/p>\n\n\n\n<p>Bei Anmeldung an dem Gymnasium Bremerv\u00f6rde erhaltet ihr f\u00fcr diesen Vorgang ein entsprechendes Schreiben, welches Religion und Werte und Normen ausweist.<\/p>\n\n\n\n<p>Wir freuen uns auf Euch!<\/p>\n\n\n\n<p>Bei Fragen wendet euch gerne an die kommissarische Fachleitung Frau Oesselmann (<a rel=\"noreferrer noopener\" href=\"mailto:oe@gymbrv.eu\" target=\"_blank\">oe@gymbrv.eu<\/a>).<\/p>\n\n\n\n<p class=\"has-text-align-center\">\u2190 <a href=\"https:\/\/www.gymbrv.de\/index.php\/faecher\/religion\/\">Religion<\/a>\u00a0\u00a0\u00a0\u00a0\u00a0\u00a0\u00a0\u00a0\u2191 <a href=\"https:\/\/www.gymbrv.de\/?page_id=419\">F\u00e4cher-\u00dcbersicht<\/a>\u00a0\u00a0\u00a0\u00a0\u00a0\u00a0\u00a0\u00a0\u2192 <a href=\"https:\/\/www.gymbrv.de\/index.php\/mathematik\/\">Mathematik<\/a><\/p>\n","protected":false},"excerpt":{"rendered":"<p>Auch am Gymnasium Bremerv\u00f6rde m\u00fcsst ihr entweder am Religionsunterricht oder am Werte und Normen Unterricht teilnehmen. Zum n\u00e4heren Vorgehen der Auswahl haben wir Euch ganz<\/p>\n","protected":false},"author":1,"featured_media":0,"parent":0,"menu_order":0,"comment_status":"closed","ping_status":"closed","template":"","meta":{"footnotes":""},"_links":{"self":[{"href":"https:\/\/www.gymbrv.de\/index.php\/wp-json\/wp\/v2\/pages\/3449"}],"collection":[{"href":"https:\/\/www.gymbrv.de\/index.php\/wp-json\/wp\/v2\/pages"}],"about":[{"href":"https:\/\/www.gymbrv.de\/index.php\/wp-json\/wp\/v2\/types\/page"}],"author":[{"embeddable":true,"href":"https:\/\/www.gymbrv.de\/index.php\/wp-json\/wp\/v2\/users\/1"}],"replies":[{"embeddable":true,"href":"https:\/\/www.gymbrv.de\/index.php\/wp-json\/wp\/v2\/comments?post=3449"}],"version-history":[{"count":11,"href":"https:\/\/www.gymbrv.de\/index.php\/wp-json\/wp\/v2\/pages\/3449\/revisions"}],"predecessor-version":[{"id":4542,"href":"https:\/\/www.gymbrv.de\/index.php\/wp-json\/wp\/v2\/pages\/3449\/revisions\/4542"}],"wp:attachment":[{"href":"https:\/\/www.gymbrv.de\/index.php\/wp-json\/wp\/v2\/media?parent=3449"}],"curies":[{"name":"wp","href":"https:\/\/api.w.org\/{rel}","templated":true}]}}