{"id":3570,"date":"2023-03-10T18:38:32","date_gmt":"2023-03-10T17:38:32","guid":{"rendered":"https:\/\/www.gymbrv.de\/?page_id=3570"},"modified":"2023-03-11T09:08:03","modified_gmt":"2023-03-11T08:08:03","slug":"chemie","status":"publish","type":"page","link":"https:\/\/www.gymbrv.de\/index.php\/chemie\/","title":{"rendered":"Chemie"},"content":{"rendered":"\n<p>Die Chemie erinnert viele Menschen an bunte L\u00f6sungen, Licht und Knall, manche aber auch an abstrakte Modelle und schwierige Vorstellungen. Aber die Chemie ist viel mehr als das! Denn Knall, bunte L\u00f6sungen Licht und Funken sind nicht nur sch\u00f6n anzuschauen, sondern zeigen, dass hier tiefere und unsichtbare Vorg\u00e4nge vonstatten gehen, die es im Chemieunterricht zu erforschen gilt.<\/p>\n\n\n\n<p>In unserem Chemieunterricht geht es also darum, <strong>stofflichen Vorg\u00e4ngen auf den Grund zu gehen<\/strong>. Das Forschen beginnt oft mit der Beobachtung eines interessanten Ph\u00e4nomens, z. B. den verschiedenen Farben von Feuerwerk. Diese Beobachtungen es gilt zu verstehen und erkl\u00e4rbar zu machen. Im Beispiel Feuerwerk sind verschiedene Salz die Ursache der Flammenf\u00e4rbung. Unser so erworbenes neues Wissen k\u00f6nnen wir dann anwenden auf die L\u00f6sung neuer Probleme, etwa die Frage, ob die Orangef\u00e4rbung von Stra\u00dfenlaternen auch etwas damit zu tun hat. Dabei tauchen oft wieder neue, zun\u00e4chst unerkl\u00e4rliche Beobachtungen auf.<\/p>\n\n\n<div class=\"wp-block-image\">\n<figure class=\"aligncenter size-full\"><img loading=\"lazy\" decoding=\"async\" width=\"394\" height=\"300\" src=\"https:\/\/www.gymbrv.de\/wp-content\/uploads\/2023\/03\/chemie01.jpg\" alt=\"\" class=\"wp-image-3571\" srcset=\"https:\/\/www.gymbrv.de\/wp-content\/uploads\/2023\/03\/chemie01.jpg 394w, https:\/\/www.gymbrv.de\/wp-content\/uploads\/2023\/03\/chemie01-300x228.jpg 300w, https:\/\/www.gymbrv.de\/wp-content\/uploads\/2023\/03\/chemie01-100x75.jpg 100w\" sizes=\"(max-width: 394px) 100vw, 394px\" \/><\/figure><\/div>\n\n\n<p>Die Chemie ist als <strong>Wissenschaft der Stoffe und ihrer Umwandlungen<\/strong> eine zentrales Werkzeug, um Antworten auf brennende Fragen unserer Zeit zu finden und L\u00f6sungen f\u00fcr die Zukunft zu entwickeln.<\/p>\n\n\n\n<p>Beispiele:<\/p>\n\n\n\n<ul>\n<li>Wie k\u00f6nnen wir die <strong>begrenzten Ressourcen<\/strong> der Erde nachhaltiger nutzen?<\/li>\n\n\n\n<li>Wie k\u00f6nnen wir <strong>neue Werkstoffe<\/strong> herstellen, die uns helfen, neue Techniken und L\u00f6sungen f\u00fcr bestehende Probleme zu entwickeln?<\/li>\n\n\n\n<li>Welche Stoffe kann die Chemie der <strong>Landwirtschaft<\/strong> bereitstellen, damit sie auch in Zukunft unsere <strong>Ern\u00e4hrung<\/strong> nachhaltig sicherstellen kann?<\/li>\n\n\n\n<li>Wie kann die Chemie von morgen <strong>Deutschland als Industriestandort<\/strong> sichern?<\/li>\n\n\n\n<li>Wie gelingt es uns, Stoffe nicht nur herzustellen und zu verbrauchen, sondern auch zu recyceln, um eine nachhaltige <strong>Kreislaufwirtschaft<\/strong> zu erreichen?<\/li>\n\n\n\n<li>Was k\u00f6nnen neue und nachhaltige <strong>Energietr\u00e4ger<\/strong> f\u00fcr unsere Zukunft sein, z. B. Im Fahr- und Flugzeugbereich?<\/li>\n\n\n\n<li>Wie kann die Chemie mit Stoffen und Prozesstechniken dazu beitragen, das <strong>Problem des Klimawandels<\/strong> zu l\u00f6sen bzw. einzud\u00e4mmen und nicht weiter zu versch\u00e4rfen?<\/li>\n<\/ul>\n\n\n\n<p>Der Chemieunterricht muss also den Fokus auf die Fragen unserer Zeit und die Bedeutung der <strong>nachhaltigen Entwicklung<\/strong> im Umgang mit unseren Ressourcen lenken.<\/p>\n\n\n\n<p>Sch\u00fcler\/innen sollen ihre Rolle als Verbraucher\/innen (von Ressourcen) verstehen und den Effekt, den dies auf globale Prozesse hat, etwa wenn jedes Jahr ein neues Handy gekauft wird oder jeden Tag Pausengetr\u00e4nke in Einwegflaschen mitgebracht werden. Sie lernen aber zugleich, welche M\u00f6glichkeiten die Wissenschaft Chemie bietet, zu der L\u00f6sung von Problemen beizutragen, etwa bei der Besch\u00e4ftigung mit den stofflichen Vorg\u00e4ngen beim Recycling oder mit modernen elektrischen Energiespeichern.<\/p>\n\n\n\n<p>Dazu ist ein <strong>moderner Chemieunterricht<\/strong> notwendig, der \u2026<\/p>\n\n\n\n<ul>\n<li>die <strong>Lebenswelt und Perspektiven der Sch\u00fcler\/innen<\/strong> mit einbezieht,<\/li>\n\n\n\n<li>sich ganz im Sinne der Chemie als empirischer Wissenschaft auf <strong>experimentelle Vorgehensweisen<\/strong> st\u00fctzt,<\/li>\n\n\n\n<li>Orientierung in allen Dimensionen <strong>vom Kleinsten<\/strong> (Atom) <strong>bis zum Globalen<\/strong> (globale Stoffkreisl\u00e4ufe) bietet, sowie<\/li>\n\n\n\n<li>konkrete Einzelerkenntnisse zu Theorien zusammenf\u00fchrt, die <strong>Orientierung<\/strong> in der modernen und komplexen Lebenswelt im Hinblick auf Stoffe und ihre Umwandlung bieten.<\/li>\n<\/ul>\n\n\n\n<p>Das umzusetzen gelingt uns am Gymnasium Bremerv\u00f6rde auch mithilfe <strong>durchdachter Einrichtungen<\/strong>:<\/p>\n\n\n\n<ul>\n<li>zwei <strong>moderne Chemie-Fachunterrichtsr\u00e4ume<\/strong> mit Gas- und Stromanschl\u00fcssen in jeder Sitzreihe sowie digitalen Verbindungsm\u00f6glichkeiten zum Projektor auch im Klassenverbund,<\/li>\n<\/ul>\n\n\n\n<figure class=\"wp-block-video aligncenter\"><video controls src=\"https:\/\/www.gymbrv.de\/wp-content\/uploads\/2023\/03\/2m_Che-FUR_RundText_Web.mp4\"><\/video><\/figure>\n\n\n\n<ul>\n<li><strong>Lernarenen<\/strong> im vorderen Teil der Fachunterrichtsr\u00e4ume mit viel Platz zum Erkunden gr\u00f6\u00dferer Experimente und Modelle,<\/li>\n\n\n\n<li><strong>flexible Tischanordnung<\/strong> zur Umsetzung verschiedener Arbeitsformen bei zugleich vollumf\u00e4nglicher Laborinstallation,<\/li>\n\n\n\n<li><strong>mobile Abz\u00fcge<\/strong> zur Durchf\u00fchrung von Demo-Experimenten ohne Platz- oder Sichteinschr\u00e4nkungen in anderen Unterrichtssituationen und eine<\/li>\n\n\n\n<li><strong>umfangreiche Chemiesammlung<\/strong> auf 90 m<sup>2<\/sup> Fl\u00e4che mit<\/li>\n\n\n\n<li><strong>moderner Laboreinrichtung<\/strong> (durch den Schulneubau 2021\/22 auf neuestem Stand)<\/li>\n<\/ul>\n\n\n<div class=\"wp-block-image\">\n<figure class=\"aligncenter size-full\"><img loading=\"lazy\" decoding=\"async\" width=\"540\" height=\"304\" src=\"https:\/\/www.gymbrv.de\/wp-content\/uploads\/2023\/03\/3_CheSammlung1.jpg\" alt=\"\" class=\"wp-image-3577\" srcset=\"https:\/\/www.gymbrv.de\/wp-content\/uploads\/2023\/03\/3_CheSammlung1.jpg 540w, https:\/\/www.gymbrv.de\/wp-content\/uploads\/2023\/03\/3_CheSammlung1-300x169.jpg 300w\" sizes=\"(max-width: 540px) 100vw, 540px\" \/><figcaption class=\"wp-element-caption\">&nbsp;<\/figcaption><\/figure><\/div>\n\n<div class=\"wp-block-image\">\n<figure class=\"aligncenter size-full\"><img loading=\"lazy\" decoding=\"async\" width=\"540\" height=\"304\" src=\"https:\/\/www.gymbrv.de\/wp-content\/uploads\/2023\/03\/4_CheSammlung2.jpg\" alt=\"\" class=\"wp-image-3578\" srcset=\"https:\/\/www.gymbrv.de\/wp-content\/uploads\/2023\/03\/4_CheSammlung2.jpg 540w, https:\/\/www.gymbrv.de\/wp-content\/uploads\/2023\/03\/4_CheSammlung2-300x169.jpg 300w\" sizes=\"(max-width: 540px) 100vw, 540px\" \/><\/figure><\/div>\n\n\n<figure class=\"wp-block-video aligncenter\"><video controls src=\"https:\/\/www.gymbrv.de\/wp-content\/uploads\/2023\/03\/5m_Chemiesammlung_RundText_Web-1.mp4\"><\/video><\/figure>\n\n\n\n<p>Jeder Fachunterrichtsraum verf\u00fcgt \u00fcber eine <strong>experimentelle Grundausstattung<\/strong>, die bei Bedarf schnell eingesetzt werden kann. Die Experimentierausstattung wurde kontinuierlich <strong>modernisiert<\/strong> und um <strong>digitale M\u00f6glichkeiten<\/strong> wie z. B. die digitale <strong>Messwerterfassung<\/strong> (via iPad) erweitert.<\/p>\n\n\n\n<figure class=\"wp-block-video aligncenter\"><video controls src=\"https:\/\/www.gymbrv.de\/wp-content\/uploads\/2023\/03\/6m_Digitale_Messwerterfassung_Text_Web-1.mp4\"><\/video><\/figure>\n\n\n\n<p>Auch der Fundus an <strong>Modellen<\/strong> und Anschauungsobjekten wurde stark erweitert und modernisiert, denn digitale Werkzeuge allein gen\u00fcgen nicht, um eine solide Vorstellung vom Aufbau der Stoffe und den Vorg\u00e4ngen zu entwickeln, die in der Chemie eine zentrale Rolle spielen.<\/p>\n\n\n<div class=\"wp-block-image\">\n<figure class=\"aligncenter size-full\"><img loading=\"lazy\" decoding=\"async\" width=\"710\" height=\"400\" src=\"https:\/\/www.gymbrv.de\/wp-content\/uploads\/2023\/03\/chemie07.jpg\" alt=\"\" class=\"wp-image-3585\" srcset=\"https:\/\/www.gymbrv.de\/wp-content\/uploads\/2023\/03\/chemie07.jpg 710w, https:\/\/www.gymbrv.de\/wp-content\/uploads\/2023\/03\/chemie07-300x169.jpg 300w\" sizes=\"(max-width: 710px) 100vw, 710px\" \/><\/figure><\/div>\n\n\n<p>Lernen findet nicht nur im Unterricht statt. Deshalb legen wir Wert darauf, dar\u00fcber hinausgehende Angebote zu machen, z. B. in Form der Teilnahme an <strong>Wettbewerben<\/strong> (Chemie-Olympiade, Jugend-forscht) aber auch als <strong>AG-Angebot<\/strong> im MINT-Bereich. Der Besuch <strong>au\u00dferschulischer Lernorte<\/strong> wird, soweit sinnvoll und realisierbar, etwa auf Klassen- und Kursfahrten, eingebunden.<\/p>\n\n\n\n<p>In letzter Instanz ist guter und nachhaltiger Unterricht aber immer noch eine Frage der K\u00f6pfe, die dahinter stehen. Hier hat sich der Fachbereich Chemie in den letzten Jahren zu einem <strong>Team aus erfahrenen Routiniers und ambitionierten jungen Kollegen\/innen<\/strong> entwickelt. Diese Mischung ist ideal, um Bew\u00e4hrtes mit Innovativem zum verbinden, immer mit dem Ziel, modernen und nachhaltigen Chemieunterricht anzubieten.<\/p>\n\n\n\n<p>Die nachfolgende Tabelle gibt einen \u00dcberblick \u00fcber die Themenschwerpunkte des Chemieunterrichts am Gymnasium Bremerv\u00f6rde (Stand 02\/2023):<\/p>\n\n\n\n<figure class=\"wp-block-table\"><table><tbody><tr><td><strong>Jahrgang<\/strong><\/td><td><strong>Wochen-<br>stunden<\/strong><\/td><td><strong>Themenschwerpunkte<\/strong>&nbsp;&nbsp;&nbsp;&nbsp;&nbsp;&nbsp;&nbsp;&nbsp;&nbsp;&nbsp;&nbsp;&nbsp;&nbsp;&nbsp;&nbsp;&nbsp;&nbsp;&nbsp;&nbsp;&nbsp;&nbsp;&nbsp;&nbsp;&nbsp;&nbsp;&nbsp;&nbsp;&nbsp;&nbsp;&nbsp;&nbsp;&nbsp;&nbsp;&nbsp;&nbsp;&nbsp;&nbsp;&nbsp;&nbsp;&nbsp;&nbsp;&nbsp;<\/td><td><strong><sup>*<\/sup>Anmerkungen<\/strong><\/td><\/tr><tr><td>5<sup>*<\/sup><\/td><td>1<sup>*<\/sup><\/td><td>\u2022 Stoffe und ihre Eigenschaften<br>\u2022 Sicheres Arbeiten im Labor<\/td><td>f\u00e4cher\u00fcbergreifend i. R. des Faches &#8222;Naturwissenschaft&#8220;; 2-st\u00fcndig im 2. Halbjahr<\/td><\/tr><tr><td>6<\/td><td>1<sup>*<\/sup><\/td><td>\u2022 Stoffeigenschaften (vertieft)<br>\u2022 Teilchenvorstellung (einfach)<br>\u2022 Reinstoffe und Stoffgemische<br>\u2022 Trennverfahren<\/td><td><strong>epochal<\/strong>; i. d. R. 2-st\u00fcndig im 2. Halbjahr<\/td><\/tr><tr><td>7<\/td><td>&#8211;<sup>*<\/sup><\/td><td><\/td><td>lt. Stundentafel nicht vorgesehen<\/td><\/tr><tr><td>8<\/td><td>2<\/td><td>\u2022 quantitative Stoffeigenschaften (Schmelz- und Siedeverhalten, Dichte)<br>\u2022 chemische Reaktion<br>\u2022 Energieumsatz bei chemischen Reaktionen<br>\u2022 Redoxvorg\u00e4nge \/ Vom Erz zum Metall<br>\u2022 einfaches Atommodell<\/td><td><\/td><\/tr><tr><td>9<\/td><td>1<sup>*<\/sup><\/td><td>\u2022 Stoffmengen und Teilchenzahlen (Avogadro, Molek\u00fclbegriff, Reaktionsgleichungen<br>\u2022 Elementfamilien<br>\u2022 Periodensystem<\/td><td><strong>epochal<\/strong>; ein Halbjahr lang 2-st\u00fcndig<\/td><\/tr><tr><td>10<\/td><td>2<\/td><td>\u2022 erweitertes Atommodell (Kern-H\u00fclle-Modell)<br>\u2022 Bindungsarten (Ionen und Molek\u00fcle)<br>\u2022 Wechselwirkungen<br>\u2022 erweitertes Konzept der Donator-Akzeptor-Reaktionen (Redoxreaktion, S\u00e4ure-Base-Reaktionen)<\/td><td><\/td><\/tr><tr><td>11<\/td><td>2<\/td><td>\u2022 Biogas und Methan<br>\u2022 Erd\u00f6l und Aufbereitung<br>\u2022 Alkane als Basis f\u00fcr Kraftstoffe<br>\u2022 Alkanole &#8211; Mehr als Genussmittel<br>\u2022 Alkanole und ihre Oxidationsprodukte (Aldehyde, Ketone, organische S\u00e4uren)<\/td><td><\/td><\/tr><tr><td>12<\/td><td>3 bzw. 5<sup>*<\/sup><\/td><td>\u2022 12\/1: Organik &#8211; ein Chemiebaukasten f\u00fcr Mensch und Natur (Reaktionsmechanismen, weitere organische Stoffklassen, Kunststoffe, Naturstoffe)<br>\u2022 12\/2: Chemie &#8211; im Gleichgewicht? (Kinetik, chmeisches Gleichgewicht, Protolysegleichgewichte)<\/td><td>Grundniveau: 3-st\u00fcndig<br>erh\u00f6htes Niveau: 5-st\u00fcndig<\/td><\/tr><tr><td>13<\/td><td>3 bzw. 5<sup>*<\/sup><\/td><td>\u2022 13\/1: Chemie und mobile elektrische Energie (Redox- und Elektrochemie)<br>\u2022 13\/2: Energie und andere Ressourcen aus dem Blickwinkel der Chemie (Energetik, globale Stoffkreisl\u00e4ufe, Ressouce Wasser, Ressource Energie und Kraftstoffe)<\/td><td>Grundniveau: 3-st\u00fcndig<br>erh\u00f6htes Niveau: 5-st\u00fcndig<\/td><\/tr><\/tbody><\/table><\/figure>\n\n\n\n<p class=\"has-text-align-center\">\u2190 <a href=\"https:\/\/www.gymbrv.de\/index.php\/faecher\/biologie\">Biologie<\/a>&nbsp;&nbsp;&nbsp;&nbsp;&nbsp;&nbsp;&nbsp;&nbsp;\u2191 <a href=\"https:\/\/www.gymbrv.de\/?page_id=419\">F\u00e4cher-\u00dcbersicht<\/a>&nbsp;&nbsp;&nbsp;&nbsp;&nbsp;&nbsp;&nbsp;&nbsp;\u2192 <a href=\"https:\/\/www.gymbrv.de\/index.php\/physik\/\">Physik<\/a><\/p>\n","protected":false},"excerpt":{"rendered":"<p>Die Chemie erinnert viele Menschen an bunte L\u00f6sungen, Licht und Knall, manche aber auch an abstrakte Modelle und schwierige Vorstellungen. Aber die Chemie ist viel<\/p>\n","protected":false},"author":1,"featured_media":0,"parent":0,"menu_order":0,"comment_status":"closed","ping_status":"closed","template":"","meta":{"footnotes":""},"_links":{"self":[{"href":"https:\/\/www.gymbrv.de\/index.php\/wp-json\/wp\/v2\/pages\/3570"}],"collection":[{"href":"https:\/\/www.gymbrv.de\/index.php\/wp-json\/wp\/v2\/pages"}],"about":[{"href":"https:\/\/www.gymbrv.de\/index.php\/wp-json\/wp\/v2\/types\/page"}],"author":[{"embeddable":true,"href":"https:\/\/www.gymbrv.de\/index.php\/wp-json\/wp\/v2\/users\/1"}],"replies":[{"embeddable":true,"href":"https:\/\/www.gymbrv.de\/index.php\/wp-json\/wp\/v2\/comments?post=3570"}],"version-history":[{"count":17,"href":"https:\/\/www.gymbrv.de\/index.php\/wp-json\/wp\/v2\/pages\/3570\/revisions"}],"predecessor-version":[{"id":3602,"href":"https:\/\/www.gymbrv.de\/index.php\/wp-json\/wp\/v2\/pages\/3570\/revisions\/3602"}],"wp:attachment":[{"href":"https:\/\/www.gymbrv.de\/index.php\/wp-json\/wp\/v2\/media?parent=3570"}],"curies":[{"name":"wp","href":"https:\/\/api.w.org\/{rel}","templated":true}]}}