{"id":433,"date":"2020-04-25T11:40:44","date_gmt":"2020-04-25T09:40:44","guid":{"rendered":"https:\/\/www.gymbrv.de\/?page_id=433"},"modified":"2022-12-23T12:58:48","modified_gmt":"2022-12-23T11:58:48","slug":"franzoesisch","status":"publish","type":"page","link":"https:\/\/www.gymbrv.de\/index.php\/faecher\/franzoesisch\/","title":{"rendered":"Franz\u00f6sisch"},"content":{"rendered":"\n<p>M\u00f6chtest du herausfinden, was du bereits \u00fcber Frankreich wei\u00dft? Dann \u00f6ffne einfach die nachfolgenden PDF-Dateien und l\u00f6se das spannende Quiz. Deine Ergebnisse kannst du anschlie\u00dfend mithilfe des L\u00f6sungsblattes vergleichen. Wir w\u00fcnschen dir dabei viel Spa\u00df!<\/p>\n\n\n\n<div class=\"wp-block-file\"><a id=\"wp-block-file--media-00dcd6c3-c2c3-4b6c-a564-8e93e893c198\" href=\"https:\/\/www.gymbrv.de\/wp-content\/uploads\/2020\/04\/Frankreich-Quiz-f\u00fcr-Interessierte-1.pdf\">Frankreich-Quiz f\u00fcr Interessierte<\/a><a href=\"https:\/\/www.gymbrv.de\/wp-content\/uploads\/2020\/04\/Frankreich-Quiz-f\u00fcr-Interessierte-1.pdf\" class=\"wp-block-file__button wp-element-button\" download aria-describedby=\"wp-block-file--media-00dcd6c3-c2c3-4b6c-a564-8e93e893c198\">Herunterladen<\/a><\/div>\n\n\n\n<div class=\"wp-block-file\"><a id=\"wp-block-file--media-773c0f13-0819-491a-84b5-0fad6d580ecb\" href=\"https:\/\/www.gymbrv.de\/wp-content\/uploads\/2020\/04\/Frankreich-Quiz-L\u00f6sungen-1.pdf\">Frankreich-Quiz L\u00f6sungen<\/a><a href=\"https:\/\/www.gymbrv.de\/wp-content\/uploads\/2020\/04\/Frankreich-Quiz-L\u00f6sungen-1.pdf\" class=\"wp-block-file__button wp-element-button\" download aria-describedby=\"wp-block-file--media-773c0f13-0819-491a-84b5-0fad6d580ecb\">Herunterladen<\/a><\/div>\n\n\n\n<p>Weitere Informationen zur Wahl der 2. Fremdsprache ab der 6. Klasse erh\u00e4lst du\/erhalten Sie in dem folgenden Text.  <\/p>\n\n\n\n<p><strong>Die Bedeutung moderner Fremdsprachen<\/strong><\/p>\n\n\n\n<p>F\u00fcr das Zusammenleben der Menschen in Europa und in der Welt ist eine erh\u00f6hte Bereitschaft zur Mobilit\u00e4t, zur Kommunikation und zur Kooperation notwendig. Viele Fragen sind nicht mehr im nationalen Rahmen zu l\u00f6sen. Internationale Kooperation erfordert kommunikative F\u00e4higkeiten in mehreren Fremdsprachen. Dabei bedeutet Mehrsprachigkeit nicht nur die aktive Beherrschung von Sprachen in Wort und Schrift, sondern auch die Bereitschaft und F\u00e4higkeit, andere zu verstehen. Die Vermittlung und der Erwerb von Fremdsprachenkenntnissen sind deshalb von gro\u00dfer Bedeutung f\u00fcr den einzelnen wie auch f\u00fcr die gesamte Gesellschaft.<\/p>\n\n\n\n<p>Jeder B\u00fcrger Europas sollte im Laufe seiner Schulzeit mindestens zwei Sprachen der Europ\u00e4ischen Union lernen. Englisch ist unabdingbar. Zu welchen weiteren Sprachen zu raten ist, l\u00e4sst sich nicht pauschal beantworten. Jeder wird versuchen, Kenntnisse in Sprachen zu erwerben, die ihn voranbringen oder die ihm besonders liegen. Von pers\u00f6nlichen Vorlieben und Lebensumst\u00e4nden einmal abgesehen, l\u00e4sst es die geopolitische Lage Deutschlands allerdings sinnvoll erscheinen, eine oder zwei romanische Sprache(n) bzw. eine slawische Sprache zu lernen.<\/p>\n\n\n\n<p><strong>Aufgabe des Fremdsprachenunterrichts<\/strong><\/p>\n\n\n\n<p>Es ist Aufgabe des Fremdsprachenunterrichts am Gymnasium,\nSch\u00fcler\/innen auf Begegnungen mit Menschen aus anderen L\u00e4ndern vorzubereiten.\nSprachliche, landeskundliche und kulturelle Kenntnisse und Einsichten f\u00f6rdern\ndabei Gespr\u00e4chsbereitschaft, Verst\u00e4ndnis, Verantwortungsbewusstsein, Toleranz\nund Weltoffenheit. Ziel des Unterrichts ist deshalb der selbst\u00e4ndige, richtige\nund situativ angemessene m\u00fcndliche und schriftliche Gebrauch der jeweiligen\nFremdsprache. <\/p>\n\n\n\n<p><strong>Kulturelle Handlungsf\u00e4higkeit erreichen <\/strong><\/p>\n\n\n\n<p>Sprache ist Grundlage kultureller Handlungsf\u00e4higkeit. Sie bef\u00e4higt den Menschen dazu, sich in der Welt zu orientieren, sie erlaubt den Ausdruck von Gef\u00fchlen und Gedanken, die Weitergabe von Erfahrungen und die Kommunikation mit anderen. Sie tr\u00e4gt zur Identit\u00e4tsfindung von einzelnen und Gruppen bei und bef\u00e4higt den Menschen zur Entwicklung von Sozialverhalten und zur Weitergabe von Kultur.<\/p>\n\n\n<div class=\"wp-block-image\">\n<figure class=\"alignright size-large is-resized\"><img loading=\"lazy\" decoding=\"async\" src=\"https:\/\/www.gymbrv.de\/wp-content\/uploads\/2020\/04\/Eiffelturm.jpg\" alt=\"\" class=\"wp-image-656\" width=\"325\" height=\"506\"\/><\/figure><\/div>\n\n\n<p><strong>Interkulturelle Kompetenz erwerben <\/strong><\/p>\n\n\n\n<p>Der Fremdsprachenunterricht erschlie\u00dft den Sch\u00fcler\/innen\neine Lebenswirklichkeit, die au\u00dferhalb ihrer muttersprachlichen Erfahrungen\nliegt. Im Unterricht entwickeln sie F\u00e4higkeiten, die die Verst\u00e4ndigung mit\nMenschen aus anderen Sprachgemeinschaften erm\u00f6glichen. Sie gewinnen\nVorstellungen vom Alltagsleben, von den geographischen, politischen und\nwirtschaftlichen Verh\u00e4ltnissen und den soziokulturellen Lebensbedingungen, der\nGeisteswelt, der Literatur und der Kultur fremder L\u00e4nder. Die Begegnung mit\nMenschen aus anderen L\u00e4ndern er\u00f6ffnet M\u00f6glichkeiten, die Sch\u00fcler\/innen zur\nSachlichkeit in der Auseinandersetzung, zum Einstehen f\u00fcr die eigene Meinung\nund zur Toleranz anzuhalten. Der <strong>Sch\u00fcleraustausch <\/strong>unterst\u00fctzt diese\nerzieherischen Ziele.<\/p>\n\n\n\n<p><strong>Wann Franz\u00f6sisch? So fr\u00fch wie m\u00f6glich!<\/strong><\/p>\n\n\n\n<p>Fremdsprachen werden bei jungen Lernern in der sogenannten <strong><em>sensiblen\nPhase <\/em><\/strong>ihres Lebens besonders gut aufgenommen. Kinder gehen neugierig,\nunbefangen und mit Freude an das Erlernen neuer Sprachen heran. Das Bed\u00fcrfnis,\nsich mitzuteilen und mehr von anderen zu erfahren, motiviert sie. Sie haben\ni.d.R. ein gutes Geh\u00f6r und finden h\u00e4ufig m\u00fchelos Zugang zu neuen\nSprachstrukturen und zu ungewohnter Aussprache. Auch lernpsychologische\nErkenntnisse sprechen f\u00fcr den fr\u00fchen Beginn. Neuere Forschungen zeigen, dass\ndie <strong><em>Phase des imitativen Lernens <\/em><\/strong>und <strong><em>des intuitiven\nErfassens<\/em><\/strong>, in der Kinder auch ihre Muttersprache erlernen, in der\nPubert\u00e4t endet.<\/p>\n\n\n\n<p><strong>Franz\u00f6sisch \u2013 schwer zu lernen?<\/strong><\/p>\n\n\n\n<p>Franz\u00f6sisch ist eine romanische Sprache, und sie erfordert aufgrund ihres Formenreichtums am Anfang einen deutlichen Lernaufwand, ebenso wie Latein. Das Weiterlernen bereitet aufgrund regelkonformer Bildung komplexerer Strukturen jedoch abnehmende Schwierigkeiten. Der systematische Charakter der franz\u00f6sischen Sprache kann auch ein Gewinn f\u00fcr das Deutsche und f\u00fcr das Englische sein. Es ist eine weit verbreitete Bef\u00fcrchtung, Franz\u00f6sisch sei schwieriger zu lernen als Englisch. Es stimmt, dass die Anforderungen beim Einstieg in das Erlernen der englischen Sprache geringer sind. Nach zwei bis drei Jahren aber entpuppt sich das Englische durch seine vielschichtige Idiomatik und durch seine eher unzuverl\u00e4ssigen Ausspracheregeln als die schwierigere Sprache. Franz\u00f6sisch verlangt Lernenden besonders anfangs eine h\u00f6here Lernleistung ab, vor allem, weil es beim Gebrauch der Verben mehr Formen zu lernen gibt; dann aber wird Franz\u00f6sisch die vergleichsweise problemlosere Sprache, die mit dem erlernten Ger\u00fcst erfolgreich verwendet werden kann.<\/p>\n\n\n\n<p><strong>Wie lernt man Franz\u00f6sisch? <\/strong><\/p>\n\n\n\n<p>Moderne Lehrwerke, die sich zun\u00e4chst mit der Bew\u00e4ltigung\ng\u00e4ngiger Alltagssituationen besch\u00e4ftigen, erleichtern den Zugang zur Sprache\nund erm\u00f6glichen es den Sch\u00fcler\/innen, schnell sprachlich miteinander umzugehen,\nindem sie \u00fcber sich selbst, Schule und ihren Tagesablauf und Hobbys sprechen.\nAuch lernen sie, verschiedene Alltagssituationen (Einkauf, Restaurant, Hotel)\nsprachlich zu bew\u00e4ltigen. So k\u00f6nnen sie sich bereits nach den ersten\nUnterrichtsstunden miteinander unterhalten und sind motiviert, weitere\nFortschritte zu machen.<\/p>\n\n\n\n<p>Sch\u00fcler\/innen sollen im Laufe des Lernprozesses die Sprache\nsowohl m\u00fcndlich als auch schriftlich immer selbst\u00e4ndiger und und zunehmend\nsituationsangemessen anwenden k\u00f6nnen und Kenntnisse \u00fcber die aktuellen\nVerh\u00e4ltnisse in den franz\u00f6sischsprachigen L\u00e4ndern erwerben. Wie im Englischen werden\ndabei rezeptive Kompetenzen (H\u00f6rverstehen, Leseverstehen) ebenso vermittelt wie\nproduktive Kompetenzen (Sprachmittlung, Schreiben). Auf einer h\u00f6heren Lernstufe\nwerden literarische Texte gelesen und historische Einsichten erarbeitet. Auf\nallen Stufen wird der Lernprozess von Anleitungen zu den einzelnen\nLerntechniken und nat\u00fcrlich zum selbst\u00e4ndigen Weiterlernen begleitet sein.<\/p>\n\n\n\n<p><strong>Wozu braucht man Franz\u00f6sisch? <\/strong><\/p>\n\n\n<div class=\"wp-block-image\">\n<figure class=\"alignleft size-large is-resized\"><img loading=\"lazy\" decoding=\"async\" src=\"https:\/\/www.gymbrv.de\/wp-content\/uploads\/2020\/04\/Frz-Flagge-Wachsmaler.jpeg\" alt=\"\" class=\"wp-image-657\" width=\"307\" height=\"193\"\/><\/figure><\/div>\n\n\n<p><strong>1. Franz\u00f6sisch ist Amtssprache in 35 Staaten der Welt. <\/strong>280\nMillionen Menschen sprechen derzeit weltweit Franz\u00f6sisch als Mutter-,\nLandes-oder Verkehrssprache. <\/p>\n\n\n\n<p><strong>2. Franz\u00f6sisch ist die Sprache unserer direkten\nwestlichen Nachbarn: <\/strong>Frankreich, Schweiz, Belgien, Luxemburg<\/p>\n\n\n\n<p><strong>3. Franz\u00f6sisch erh\u00f6ht berufliche Chancen: <\/strong>Wer au\u00dfer\nEnglisch noch eine weitere Fremdsprache spricht, hat auf dem Arbeitsmarkt\nbessere Chancen. In manchen Branchen kommt man an Franz\u00f6sisch nicht vorbei &#8211; ob\nals Facharbeiter(in), Ingenieur(in), Exportkaufmann\/-frau, Sekret\u00e4r(in) oder\nals F\u00fchrungskraft. Wer sich im Umfeld anderer Kulturen (auch sprachlich) sicher\nbewegt, ist im Vorteil. <\/p>\n\n\n\n<p><strong>4. Franz\u00f6sisch braucht man im Studium und in der\nAusbildung: <\/strong>Diverse Studieng\u00e4nge verlangen Franz\u00f6sischkenntnisse; f\u00fcr\nnahezu alle sind sie von Vorteil. Fachliteratur &#8211; auch in den\nNaturwissenschaften &#8211; wird nicht \u00fcbersetzt. Universit\u00e4ten bieten zunehmend\nsogenannte integrierte Studieng\u00e4nge in Wirtschafts-, Ingenieurs-, Geistes- und\nSozialwissenschaften an, die einen berufsqualifizierenden Abschluss f\u00fcr den\nfranz\u00f6sischen und deutschen Arbeitsmarkt bieten. Viele Ausbildungszweige\norientieren sich mehr und mehr an den wichtigsten Wirtschaftspartnern unseres\nLandes. F\u00fcr Lehrlinge wird z.T. sprachliche F\u00f6rderung angeboten; manche k\u00f6nnen\nTeile ihrer Ausbildung im Ausland absolvieren, um so bessere und auf den Bedarf\nausgerichtete Karrierem\u00f6glichkeiten zu haben. <\/p>\n\n\n\n<p><strong>5. Franz\u00f6sisch als Br\u00fcckensprache: <\/strong>Franz\u00f6sisch kann\naufgrund seiner \u00c4hnlichkeiten zu anderen romanischen Sprachen (Spanisch,\nItalienisch, Portugiesisch) eine Br\u00fcckensprache sein. Das Erlernen weiterer\nromanischer Sprachen f\u00e4llt durch Franz\u00f6sischkenntnisse deutlich leichter.<\/p>\n\n\n\n<p>F\u00fcr Ihre Fragen und weitere Ausk\u00fcnfte stehe ich Ihnen gerne\nzur Verf\u00fcgung! Dirk Sch\u00e4fer, StR (stellvertr. f\u00fcr die Fachschaft Franz\u00f6sisch). Zu\nerreichen bin ich \u00fcber das Sekretariat der Schule oder unter sf@gymbrv.eu.<\/p>\n\n\n\n<p>Die hier angef\u00fchrten Informationen kannst du\/k\u00f6nnen Sie auch nochmal in der PDF-Datei nachlesen.<\/p>\n\n\n\n<div class=\"wp-block-file\"><a id=\"wp-block-file--media-072e33fc-6ad7-4895-bd11-93914b50d660\" href=\"https:\/\/www.gymbrv.de\/wp-content\/uploads\/2020\/04\/Informationen-zum-Fach-Franzo\u0308sisch-1.pdf\">Informationen zum Fach Franzo\u0308sisch<\/a><a href=\"https:\/\/www.gymbrv.de\/wp-content\/uploads\/2020\/04\/Informationen-zum-Fach-Franzo\u0308sisch-1.pdf\" class=\"wp-block-file__button wp-element-button\" download aria-describedby=\"wp-block-file--media-072e33fc-6ad7-4895-bd11-93914b50d660\">Herunterladen<\/a><\/div>\n\n\n\n<p class=\"has-text-align-center\">\u2190 <a href=\"https:\/\/www.gymbrv.de\/index.php\/faecher\/englisch\/\">Englisch<\/a>\u00a0\u00a0\u00a0\u00a0\u00a0\u00a0\u00a0 \u2191\u00a0<a href=\"https:\/\/www.gymbrv.de\/?page_id=419\">F\u00e4cher-\u00dcbersicht<\/a>\u00a0\u00a0\u00a0\u00a0\u00a0\u00a0\u00a0\u00a0\u00a0\u00a0\u00a0\u00a0\u00a0\u00a0\u00a0 \u2192 <a href=\"https:\/\/www.gymbrv.de\/index.php\/faecher\/latein\/\">Latein<\/a><\/p>\n","protected":false},"excerpt":{"rendered":"<p>M\u00f6chtest du herausfinden, was du bereits \u00fcber Frankreich wei\u00dft? Dann \u00f6ffne einfach die nachfolgenden PDF-Dateien und l\u00f6se das spannende Quiz. Deine Ergebnisse kannst du anschlie\u00dfend<\/p>\n","protected":false},"author":1,"featured_media":0,"parent":419,"menu_order":3,"comment_status":"closed","ping_status":"closed","template":"","meta":{"footnotes":""},"_links":{"self":[{"href":"https:\/\/www.gymbrv.de\/index.php\/wp-json\/wp\/v2\/pages\/433"}],"collection":[{"href":"https:\/\/www.gymbrv.de\/index.php\/wp-json\/wp\/v2\/pages"}],"about":[{"href":"https:\/\/www.gymbrv.de\/index.php\/wp-json\/wp\/v2\/types\/page"}],"author":[{"embeddable":true,"href":"https:\/\/www.gymbrv.de\/index.php\/wp-json\/wp\/v2\/users\/1"}],"replies":[{"embeddable":true,"href":"https:\/\/www.gymbrv.de\/index.php\/wp-json\/wp\/v2\/comments?post=433"}],"version-history":[{"count":22,"href":"https:\/\/www.gymbrv.de\/index.php\/wp-json\/wp\/v2\/pages\/433\/revisions"}],"predecessor-version":[{"id":3145,"href":"https:\/\/www.gymbrv.de\/index.php\/wp-json\/wp\/v2\/pages\/433\/revisions\/3145"}],"up":[{"embeddable":true,"href":"https:\/\/www.gymbrv.de\/index.php\/wp-json\/wp\/v2\/pages\/419"}],"wp:attachment":[{"href":"https:\/\/www.gymbrv.de\/index.php\/wp-json\/wp\/v2\/media?parent=433"}],"curies":[{"name":"wp","href":"https:\/\/api.w.org\/{rel}","templated":true}]}}