{"id":437,"date":"2020-04-25T11:41:47","date_gmt":"2020-04-25T09:41:47","guid":{"rendered":"https:\/\/www.gymbrv.de\/?page_id=437"},"modified":"2023-02-20T18:07:09","modified_gmt":"2023-02-20T17:07:09","slug":"erdkunde","status":"publish","type":"page","link":"https:\/\/www.gymbrv.de\/index.php\/faecher\/erdkunde\/","title":{"rendered":"Erdkunde"},"content":{"rendered":"\n<p>Du m\u00f6chtest wissen, wo und warum Vulkane ausbrechen k\u00f6nnen, warum viele Lebewesen unserer Weltmeere bedroht sind, wieso in manchen Regionen ein halbes Jahr die Sonne nicht aufgeht und aus welchen Gr\u00fcnden die Schwedin Greta die Klimaschutz-Bewegung \u201eFridays for Future\u201c ins Leben gerufen hat?<\/p>\n\n\n<div class=\"wp-block-image\">\n<figure class=\"alignright size-full\"><img loading=\"lazy\" decoding=\"async\" width=\"225\" height=\"300\" src=\"https:\/\/www.gymbrv.de\/wp-content\/uploads\/2023\/02\/ek01.jpg\" alt=\"\" class=\"wp-image-3493\"\/><\/figure><\/div>\n\n\n<p>Mithilfe von (digitalen) Atlanten, wissenschaftlichen Plattformen, Filmsequenzen, GPS-Ger\u00e4ten, eigens entworfenen Modellbauten, Experimenten und, wenn es sich anbietet, auch Exkursionen (z. B. ins Klimahaus nach Bremerhaven), werden wir zusammen wichtige Zusammenh\u00e4nge besprechen, wie sich unser menschliches Handeln auf unsere Erde auswirkt und was wir tun k\u00f6nnen, um unseren Heimatplaneten zu sch\u00fctzen.<\/p>\n\n\n\n<p>In den Jahrg\u00e4ngen 5 bis 10 wirst du unter anderem etwas \u00fcber Naturkatastrophen, Leben und Wirtschaft in der Stadt und auf dem Land, Klima- und Vegetationszonen, Klimawandel, Weltmeere, Grundlagen der Geographie, Europa sowie Industrie- und Entwicklungsstaaten im Vergleich erfahren.<\/p>\n\n\n\n<p>Du wirst auch in so genannten topographischen Bereichen geschult werden, also was es f\u00fcr L\u00e4nder und Ozeane auf der Welt gibt, wo diese liegen und wie die Hauptst\u00e4dte der Staaten hei\u00dfen.<\/p>\n\n\n\n<p>All das und noch viel mehr wirst du in deinem neuen Fach Erdkunde lernen!<\/p>\n\n\n<div class=\"wp-block-image\">\n<figure class=\"alignleft size-full\"><img loading=\"lazy\" decoding=\"async\" width=\"400\" height=\"300\" src=\"https:\/\/www.gymbrv.de\/wp-content\/uploads\/2023\/02\/ek02.jpg\" alt=\"\" class=\"wp-image-3494\" srcset=\"https:\/\/www.gymbrv.de\/wp-content\/uploads\/2023\/02\/ek02.jpg 400w, https:\/\/www.gymbrv.de\/wp-content\/uploads\/2023\/02\/ek02-300x225.jpg 300w, https:\/\/www.gymbrv.de\/wp-content\/uploads\/2023\/02\/ek02-100x75.jpg 100w\" sizes=\"(max-width: 400px) 100vw, 400px\" \/><\/figure><\/div>\n\n\n<p>Au\u00dferhalb des regul\u00e4ren Unterrichts kannst du in den Klassen 7-10 auch einmal im Jahr deine kognitiven Wettkampf-Skills im Rahmen des Diercke-Erdkunde-Wissenstests pr\u00fcfen. Wir ermitteln die jeweiligen Klassensieger und sogar einen Schulsieger, der uns mit seinen erdkundlichen Kenntnisse evtl. noch in weiteren Fragerunden gegen andere Schulsieger vertreten darf.<\/p>\n\n\n\n<p><em>Wir w\u00fcrden uns freuen, dich bald an unserem Gymnasium begr\u00fc\u00dfen zu d\u00fcrfen, um mit dir zusammen die Welt zu entdecken\u2026<\/em><\/p>\n\n\n\n<p><em>Deine zuk\u00fcnftigen Erdkundelehrer*innen<\/em><\/p>\n\n\n\n<p><em>Herr L\u00fctjen, Frau P\u00fcnjer, Frau Schmidt, Herr Schwarz und Frau Tiemann (Stand: 2023)<\/em><\/p>\n\n\n\n<p>Wenn ihr Fragen habt, schreibt gerne eine Mail an Frau Schmidt (<a href=\"mailto:st@gymbrv.eu\">st@gymbrv.eu<\/a>) oder Herrn Schwarz (<a href=\"mailto:sw@gymbrv.eu\">sw@gymbrv.eu<\/a>)<\/p>\n\n\n\n<p class=\"has-text-align-center\">\u2190 <a href=\"https:\/\/www.gymbrv.de\/index.php\/faecher\/darstellendes-spiel\/\">Darstellendes Spiel<\/a>&nbsp;&nbsp;&nbsp;&nbsp;&nbsp;&nbsp;&nbsp; \u2191&nbsp;<a href=\"https:\/\/www.gymbrv.de\/?page_id=419\">F\u00e4cher-\u00dcbersicht<\/a>&nbsp;&nbsp;&nbsp;&nbsp;&nbsp;&nbsp;&nbsp; \u2192&nbsp;<a href=\"https:\/\/www.gymbrv.de\/index.php\/faecher\/geschichte\/\">Geschichte<\/a><\/p>\n","protected":false},"excerpt":{"rendered":"<p>Du m\u00f6chtest wissen, wo und warum Vulkane ausbrechen k\u00f6nnen, warum viele Lebewesen unserer Weltmeere bedroht sind, wieso in manchen Regionen ein halbes Jahr die Sonne<\/p>\n","protected":false},"author":1,"featured_media":0,"parent":419,"menu_order":12,"comment_status":"closed","ping_status":"closed","template":"","meta":{"footnotes":""},"_links":{"self":[{"href":"https:\/\/www.gymbrv.de\/index.php\/wp-json\/wp\/v2\/pages\/437"}],"collection":[{"href":"https:\/\/www.gymbrv.de\/index.php\/wp-json\/wp\/v2\/pages"}],"about":[{"href":"https:\/\/www.gymbrv.de\/index.php\/wp-json\/wp\/v2\/types\/page"}],"author":[{"embeddable":true,"href":"https:\/\/www.gymbrv.de\/index.php\/wp-json\/wp\/v2\/users\/1"}],"replies":[{"embeddable":true,"href":"https:\/\/www.gymbrv.de\/index.php\/wp-json\/wp\/v2\/comments?post=437"}],"version-history":[{"count":19,"href":"https:\/\/www.gymbrv.de\/index.php\/wp-json\/wp\/v2\/pages\/437\/revisions"}],"predecessor-version":[{"id":3495,"href":"https:\/\/www.gymbrv.de\/index.php\/wp-json\/wp\/v2\/pages\/437\/revisions\/3495"}],"up":[{"embeddable":true,"href":"https:\/\/www.gymbrv.de\/index.php\/wp-json\/wp\/v2\/pages\/419"}],"wp:attachment":[{"href":"https:\/\/www.gymbrv.de\/index.php\/wp-json\/wp\/v2\/media?parent=437"}],"curies":[{"name":"wp","href":"https:\/\/api.w.org\/{rel}","templated":true}]}}