{"id":439,"date":"2020-04-25T11:42:06","date_gmt":"2020-04-25T09:42:06","guid":{"rendered":"https:\/\/www.gymbrv.de\/?page_id=439"},"modified":"2023-02-09T18:02:56","modified_gmt":"2023-02-09T17:02:56","slug":"sport","status":"publish","type":"page","link":"https:\/\/www.gymbrv.de\/index.php\/faecher\/sport\/","title":{"rendered":"Sport"},"content":{"rendered":"\n<p>F\u00fcr Bewegung und Sport sorgen am Gymnasium Bremerv\u00f6rde zurzeit acht Sportlehrkr\u00e4fte. Die Unterrichtsinhalte haben wir nach den Vorgaben des Nieders\u00e4chsischen Kerncurriculums f\u00fcr unsere Schule in einem schuleigenen Arbeitsplan zusammengestellt. Neben den w\u00f6chentlichen Sportstunden k\u00f6nnt ihr mindestens einmal in jedem Jahr an einem unserer Spieleturniere und Sportfeste teilnehmen!<\/p>\n\n\n\n<p>In den Jahrg\u00e4ngen 5 und 7 wird ein halbes Jahr lang Schwimmunterricht erteilt; die Sch\u00fclerinnen und Sch\u00fcler der 5. Klassen nehmen am jeweiligen Halbjahresende am Schwimmfest der Bremerv\u00f6rder Schulen teil. F\u00fcr den 7. Jahrgang steht im Winterhalbjahr eine Fahrt in die Eishalle nach Harsefeld auf dem Plan.<\/p>\n\n\n\n<p>Wenn ihr euch dar\u00fcber hinaus sportlich bet\u00e4tigen m\u00f6chtet,\nk\u00f6nnt ihr an einer Sport-AG teilnehmen. Zurzeit umfasst das AG-Angebot die\nSportarten Windsurfen, K\u00e4mpfen und Leichtathletik. Besonders talentierte\nSportler werden in eine Schulmannschaft zur Teilnahme am Bundeswettbewerb\n\u201eJugend trainiert f\u00fcr Olympia\u201c berufen.<\/p>\n\n\n\n<p>In der Qualifikationsphase bieten wir als Sportfahrt den\nSportkurs \u201eSki alpin\u201c an.<\/p>\n\n\n\n<p>Vom Breitensport bis zum Leistungssport: Kinder und\nJugendliche, die Sport lieben, werden sich am Gymnasium Bremerv\u00f6rde wohlf\u00fchlen.\n<\/p>\n\n\n\n<p>Eure Sportlehrer freuen sich auf euch!<\/p>\n\n\n\n<figure class=\"wp-block-image size-large\"><img loading=\"lazy\" decoding=\"async\" width=\"2953\" height=\"1875\" src=\"https:\/\/www.gymbrv.de\/wp-content\/uploads\/2020\/04\/Collage_Sport_bearbeitet.jpg\" alt=\"\" class=\"wp-image-499\"\/><\/figure>\n\n\n\n<p class=\"has-text-align-center\">\u2190\u00a0<a href=\"https:\/\/www.gymbrv.de\/index.php\/physik\/\">Physik<\/a>\u00a0\u00a0\u00a0\u00a0\u00a0\u00a0\u00a0 \u2191\u00a0<a href=\"https:\/\/www.gymbrv.de\/?page_id=419\">F\u00e4cher-\u00dcbersicht<\/a>\u00a0\u00a0\u00a0\u00a0\u00a0\u00a0\u00a0 \u2192\u00a0(Ende)<\/p>\n","protected":false},"excerpt":{"rendered":"<p>F\u00fcr Bewegung und Sport sorgen am Gymnasium Bremerv\u00f6rde zurzeit acht Sportlehrkr\u00e4fte. Die Unterrichtsinhalte haben wir nach den Vorgaben des Nieders\u00e4chsischen Kerncurriculums f\u00fcr unsere Schule in<\/p>\n","protected":false},"author":1,"featured_media":0,"parent":419,"menu_order":20,"comment_status":"closed","ping_status":"closed","template":"","meta":{"footnotes":""},"_links":{"self":[{"href":"https:\/\/www.gymbrv.de\/index.php\/wp-json\/wp\/v2\/pages\/439"}],"collection":[{"href":"https:\/\/www.gymbrv.de\/index.php\/wp-json\/wp\/v2\/pages"}],"about":[{"href":"https:\/\/www.gymbrv.de\/index.php\/wp-json\/wp\/v2\/types\/page"}],"author":[{"embeddable":true,"href":"https:\/\/www.gymbrv.de\/index.php\/wp-json\/wp\/v2\/users\/1"}],"replies":[{"embeddable":true,"href":"https:\/\/www.gymbrv.de\/index.php\/wp-json\/wp\/v2\/comments?post=439"}],"version-history":[{"count":15,"href":"https:\/\/www.gymbrv.de\/index.php\/wp-json\/wp\/v2\/pages\/439\/revisions"}],"predecessor-version":[{"id":3407,"href":"https:\/\/www.gymbrv.de\/index.php\/wp-json\/wp\/v2\/pages\/439\/revisions\/3407"}],"up":[{"embeddable":true,"href":"https:\/\/www.gymbrv.de\/index.php\/wp-json\/wp\/v2\/pages\/419"}],"wp:attachment":[{"href":"https:\/\/www.gymbrv.de\/index.php\/wp-json\/wp\/v2\/media?parent=439"}],"curies":[{"name":"wp","href":"https:\/\/api.w.org\/{rel}","templated":true}]}}