{"id":526,"date":"2020-04-25T12:34:06","date_gmt":"2020-04-25T10:34:06","guid":{"rendered":"https:\/\/www.gymbrv.de\/?page_id=526"},"modified":"2020-04-25T13:26:54","modified_gmt":"2020-04-25T11:26:54","slug":"mathematik-informatik-naturwissenschaft-und-technik-klassenstufen-56","status":"publish","type":"page","link":"https:\/\/www.gymbrv.de\/index.php\/schulprofil-2\/mathematik-informatik-naturwissenschaft-und-technik-klassenstufen-56\/","title":{"rendered":"Mathematik, Informatik, Naturwissenschaft und Technik (Klassenstufen 5+6)"},"content":{"rendered":"\n<figure class=\"wp-block-gallery columns-2 is-cropped wp-block-gallery-1 is-layout-flex wp-block-gallery-is-layout-flex\"><ul class=\"blocks-gallery-grid\"><li class=\"blocks-gallery-item\"><figure><img loading=\"lazy\" decoding=\"async\" width=\"768\" height=\"1024\" src=\"https:\/\/www.gymbrv.de\/wp-content\/uploads\/2020\/03\/mint1.jpg\" alt=\"\" data-id=\"324\" data-full-url=\"https:\/\/www.gymbrv.de\/wp-content\/uploads\/2020\/03\/mint1.jpg\" data-link=\"https:\/\/www.gymbrv.de\/index.php\/schulprofil-2\/mint1\/\" class=\"wp-image-324\"\/><\/figure><\/li><li class=\"blocks-gallery-item\"><figure><img loading=\"lazy\" decoding=\"async\" width=\"1024\" height=\"768\" src=\"https:\/\/www.gymbrv.de\/wp-content\/uploads\/2020\/03\/mint2.jpg\" alt=\"\" data-id=\"325\" data-full-url=\"https:\/\/www.gymbrv.de\/wp-content\/uploads\/2020\/03\/mint2.jpg\" data-link=\"https:\/\/www.gymbrv.de\/index.php\/schulprofil-2\/mint2\/\" class=\"wp-image-325\"\/><\/figure><\/li><\/ul><\/figure>\n\n\n\n<p>Der MINT-Unterricht teilt sich am Gymnasium Bremerv\u00f6rde in zwei \nWochenstunden im Fach Biologie und zwei Wochenstunden in den \nverbleibenden Naturwissenschaftsf\u00e4chern sowie Informatik auf. Das \nbedeutet, dass hier f\u00e4cher\u00fcbergreifend in Bezug auf die sp\u00e4ter getrennt \nunterrichteten F\u00e4cher Chemie, Physik und Informatik gearbeitet wird.  <\/p>\n\n\n\n<p>Dieser MINT-Unterricht wird au\u00dferdem experimentell erteilt und soll  den Sch\u00fclern dar\u00fcber grundlegende experimentelle F\u00e4higkeiten vermitteln.  Ebenso werden grundlegende EDV-Kompetenzen erlernt.<\/p>\n\n\n\n<p class=\"has-text-align-center\">\u2190\u00a0<a href=\"https:\/\/www.gymbrv.de\/index.php\/schulprofil-2\/tiergestuetzte-paedagogik-schulhund-ayka\/\">Tiergest\u00fctzte\u00a0P\u00e4dagogik<\/a>\u00a0\u00a0\u00a0\u00a0\u00a0\u00a0\u00a0\u00a0\u2191\u00a0<a href=\"https:\/\/www.gymbrv.de\/index.php\/schulprofil-2\/\">Schulprofil<\/a>\u00a0\u00a0\u00a0\u00a0\u00a0\u00a0\u00a0\u00a0\u2192\u00a0<a href=\"https:\/\/www.gymbrv.de\/index.php\/schulprofil-2\/bilingualer-unterricht\/\">Bilingualer Unterricht<\/a><\/p>\n","protected":false},"excerpt":{"rendered":"<p>Der MINT-Unterricht teilt sich am Gymnasium Bremerv\u00f6rde in zwei Wochenstunden im Fach Biologie und zwei Wochenstunden in den verbleibenden Naturwissenschaftsf\u00e4chern sowie Informatik auf. Das bedeutet,<\/p>\n","protected":false},"author":1,"featured_media":0,"parent":322,"menu_order":3,"comment_status":"closed","ping_status":"closed","template":"","meta":{"footnotes":""},"_links":{"self":[{"href":"https:\/\/www.gymbrv.de\/index.php\/wp-json\/wp\/v2\/pages\/526"}],"collection":[{"href":"https:\/\/www.gymbrv.de\/index.php\/wp-json\/wp\/v2\/pages"}],"about":[{"href":"https:\/\/www.gymbrv.de\/index.php\/wp-json\/wp\/v2\/types\/page"}],"author":[{"embeddable":true,"href":"https:\/\/www.gymbrv.de\/index.php\/wp-json\/wp\/v2\/users\/1"}],"replies":[{"embeddable":true,"href":"https:\/\/www.gymbrv.de\/index.php\/wp-json\/wp\/v2\/comments?post=526"}],"version-history":[{"count":6,"href":"https:\/\/www.gymbrv.de\/index.php\/wp-json\/wp\/v2\/pages\/526\/revisions"}],"predecessor-version":[{"id":606,"href":"https:\/\/www.gymbrv.de\/index.php\/wp-json\/wp\/v2\/pages\/526\/revisions\/606"}],"up":[{"embeddable":true,"href":"https:\/\/www.gymbrv.de\/index.php\/wp-json\/wp\/v2\/pages\/322"}],"wp:attachment":[{"href":"https:\/\/www.gymbrv.de\/index.php\/wp-json\/wp\/v2\/media?parent=526"}],"curies":[{"name":"wp","href":"https:\/\/api.w.org\/{rel}","templated":true}]}}