{"id":532,"date":"2020-04-25T12:42:57","date_gmt":"2020-04-25T10:42:57","guid":{"rendered":"https:\/\/www.gymbrv.de\/?page_id=532"},"modified":"2025-02-08T11:28:00","modified_gmt":"2025-02-08T10:28:00","slug":"bilingualer-unterricht","status":"publish","type":"page","link":"https:\/\/www.gymbrv.de\/index.php\/schulprofil-2\/bilingualer-unterricht\/","title":{"rendered":"Bilingualer Unterricht"},"content":{"rendered":"\n<p>Der bilinguale Unterricht ist f\u00fcr <strong>alle Sch\u00fcler und Sch\u00fclerinnen ab der 7.&nbsp;Klasse<\/strong> w\u00e4hlbar. Die Zusammensetzung erfolgt dann so, dass eine Klasse ab diesem Jahrgang als \u201eBili-Klasse\u201c weitergef\u00fchrt wird.<\/p>\n\n\n\n<p>In der 7. Klasse startet der bilinguale Unterricht in <strong>Biologie<\/strong> oder <strong>Geschichte<\/strong>. Hierzu wird dieses Fach f\u00fcr ein Jahr mit einer Zusatzstunde bedacht, um sowohl inhaltlich als auch sprachlich effektiv arbeiten zu k\u00f6nnen.<\/p>\n\n\n\n<p>In der 8. Klasse wird das zweite bilinguale Fach dann in dieser Form dreist\u00fcndig erteilt.<\/p>\n\n\n\n<p>Beide F\u00e4cher werden bis zum Ende der 10. Klasse weitergef\u00fchrt.<\/p>\n\n\n\n<p>Genauere Informationen finden sich in unserem Flyer: <\/p>\n\n\n\n<div class=\"wp-block-file\"><a id=\"wp-block-file--media-02332a7f-de8d-440a-9e51-f6c961ae11ea\" href=\"https:\/\/www.gymbrv.de\/wp-content\/uploads\/2025\/02\/Bili-Flyer_v2023.pdf\">Bili-Flyer<\/a><a href=\"https:\/\/www.gymbrv.de\/wp-content\/uploads\/2025\/02\/Bili-Flyer_v2023.pdf\" class=\"wp-block-file__button wp-element-button\" download aria-describedby=\"wp-block-file--media-02332a7f-de8d-440a-9e51-f6c961ae11ea\">Herunterladen<\/a><\/div>\n\n\n\n<p>Einige h\u00e4ufig gestellte Fragen werden hier von unseren Bilisch\u00fclerinnen und -sch\u00fclern beantwortet:<\/p>\n\n\n\n<figure class=\"wp-block-image size-large\"><img loading=\"lazy\" decoding=\"async\" width=\"792\" height=\"447\" src=\"https:\/\/www.gymbrv.de\/wp-content\/uploads\/2021\/03\/FAQ_1-3-1.png\" alt=\"\" class=\"wp-image-1498\" srcset=\"https:\/\/www.gymbrv.de\/wp-content\/uploads\/2021\/03\/FAQ_1-3-1.png 792w, https:\/\/www.gymbrv.de\/wp-content\/uploads\/2021\/03\/FAQ_1-3-1-300x169.png 300w, https:\/\/www.gymbrv.de\/wp-content\/uploads\/2021\/03\/FAQ_1-3-1-768x433.png 768w\" sizes=\"(max-width: 792px) 100vw, 792px\" \/><\/figure>\n\n\n\n<div class=\"wp-block-file\"><a id=\"wp-block-file--media-5b4ae1b0-6ec8-4101-83a6-cb6772aefda0\" href=\"https:\/\/www.gymbrv.de\/wp-content\/uploads\/2021\/03\/SchuelerInnen-beantworten-FAQ-Endfassung.pdf\">FAQ: Sch\u00fcler\/innen beantworten Ihre\/Eure Fragen<\/a><a href=\"https:\/\/www.gymbrv.de\/wp-content\/uploads\/2021\/03\/SchuelerInnen-beantworten-FAQ-Endfassung.pdf\" class=\"wp-block-file__button wp-element-button\" download aria-describedby=\"wp-block-file--media-5b4ae1b0-6ec8-4101-83a6-cb6772aefda0\">Herunterladen<\/a><\/div>\n\n\n\n<p>Wenden Sie sich f\u00fcr weiterf\u00fchrende Fragen gerne an Herrn Nagel und Frau Zogalla (Fachbereich Geschichte) sowie Herrn Dr. Gieseke und Frau Nienaber (Fachbereich Biologie): <\/p>\n\n\n\n<figure class=\"wp-block-image size-large is-resized\"><img loading=\"lazy\" decoding=\"async\" width=\"938\" height=\"153\" src=\"https:\/\/www.gymbrv.de\/wp-content\/uploads\/2021\/03\/Kontakte-Bili.png\" alt=\"\" class=\"wp-image-1499\" style=\"width:454px;height:74px\" srcset=\"https:\/\/www.gymbrv.de\/wp-content\/uploads\/2021\/03\/Kontakte-Bili.png 938w, https:\/\/www.gymbrv.de\/wp-content\/uploads\/2021\/03\/Kontakte-Bili-300x49.png 300w, https:\/\/www.gymbrv.de\/wp-content\/uploads\/2021\/03\/Kontakte-Bili-768x125.png 768w\" sizes=\"(max-width: 938px) 100vw, 938px\" \/><\/figure>\n\n\n\n<p>Werfen Sie auch gerne einen Blick in die folgenden Arbeitsbl\u00e4tter aus dem Biologie- und Geschichtsunterricht:<\/p>\n\n\n\n<div class=\"wp-block-file\"><a id=\"wp-block-file--media-2383f473-8053-417f-a934-cdd7512c2863\" href=\"https:\/\/www.gymbrv.de\/wp-content\/uploads\/2021\/03\/Biologie-Arbeitsblatt-Klasse-7-1.pdf\">Biologie: Arbeitsblatt Klasse 7<\/a><a href=\"https:\/\/www.gymbrv.de\/wp-content\/uploads\/2021\/03\/Biologie-Arbeitsblatt-Klasse-7-1.pdf\" class=\"wp-block-file__button wp-element-button\" download aria-describedby=\"wp-block-file--media-2383f473-8053-417f-a934-cdd7512c2863\">Herunterladen<\/a><\/div>\n\n\n\n<div class=\"wp-block-file\"><a id=\"wp-block-file--media-0573aa8c-3833-468f-a223-a5c3669e5c48\" href=\"https:\/\/www.gymbrv.de\/wp-content\/uploads\/2021\/03\/Geschichte-Arbeitsblatt-Klasse-8-1.pdf\">Geschichte: Arbeitsblatt Klasse 8 (1)<\/a><a href=\"https:\/\/www.gymbrv.de\/wp-content\/uploads\/2021\/03\/Geschichte-Arbeitsblatt-Klasse-8-1.pdf\" class=\"wp-block-file__button wp-element-button\" download aria-describedby=\"wp-block-file--media-0573aa8c-3833-468f-a223-a5c3669e5c48\">Herunterladen<\/a><\/div>\n\n\n\n<div class=\"wp-block-file\"><a id=\"wp-block-file--media-db255ef2-8fde-4751-997c-2c9a1a8cbddb\" href=\"https:\/\/www.gymbrv.de\/wp-content\/uploads\/2021\/03\/Geschichte-Arbeitsblatt-Klasse-8-2.pdf\">Geschichte: Arbeitsblatt Klasse 8 (2)<\/a><a href=\"https:\/\/www.gymbrv.de\/wp-content\/uploads\/2021\/03\/Geschichte-Arbeitsblatt-Klasse-8-2.pdf\" class=\"wp-block-file__button wp-element-button\" download aria-describedby=\"wp-block-file--media-db255ef2-8fde-4751-997c-2c9a1a8cbddb\">Herunterladen<\/a><\/div>\n\n\n\n<div class=\"wp-block-file\"><a id=\"wp-block-file--media-e0ead4c8-e054-45b2-8a14-6d53ed6bc7c9\" href=\"https:\/\/www.gymbrv.de\/wp-content\/uploads\/2021\/03\/Geschichte-Arbeitsblatt-Klasse-8-3.pdf\">Geschichte: Arbeitsblatt Klasse 8 (3)<\/a><a href=\"https:\/\/www.gymbrv.de\/wp-content\/uploads\/2021\/03\/Geschichte-Arbeitsblatt-Klasse-8-3.pdf\" class=\"wp-block-file__button wp-element-button\" download aria-describedby=\"wp-block-file--media-e0ead4c8-e054-45b2-8a14-6d53ed6bc7c9\">Herunterladen<\/a><\/div>\n\n\n\n<div class=\"wp-block-file\"><a id=\"wp-block-file--media-9dbf4fd7-8ca5-4cc7-96b3-53ad4db603cd\" href=\"https:\/\/www.gymbrv.de\/wp-content\/uploads\/2021\/03\/Biologie-Arbeitsblatt-Klasse-9-1-1.pdf\">Biologie: Arbeitsblatt Klasse 9 (1)<\/a><a href=\"https:\/\/www.gymbrv.de\/wp-content\/uploads\/2021\/03\/Biologie-Arbeitsblatt-Klasse-9-1-1.pdf\" class=\"wp-block-file__button wp-element-button\" download aria-describedby=\"wp-block-file--media-9dbf4fd7-8ca5-4cc7-96b3-53ad4db603cd\">Herunterladen<\/a><\/div>\n\n\n\n<div class=\"wp-block-file\"><a id=\"wp-block-file--media-eaa665fb-e7ce-4904-a098-ee9528532e7a\" href=\"https:\/\/www.gymbrv.de\/wp-content\/uploads\/2021\/03\/Biologie-Arbeitsblatt-Klasse-9-2.pdf\">Biologie: Arbeitsblatt Klasse 9 (2)<\/a><a href=\"https:\/\/www.gymbrv.de\/wp-content\/uploads\/2021\/03\/Biologie-Arbeitsblatt-Klasse-9-2.pdf\" class=\"wp-block-file__button wp-element-button\" download aria-describedby=\"wp-block-file--media-eaa665fb-e7ce-4904-a098-ee9528532e7a\">Herunterladen<\/a><\/div>\n\n\n\n<p class=\"has-text-align-center\">\u2190&nbsp;<a href=\"https:\/\/www.gymbrv.de\/index.php\/schulprofil-2\/mathematik-informatik-naturwissenschaft-und-technik-klassenstufen-56\/\">MINT (Klassen 5+6)&nbsp;<\/a>&nbsp;&nbsp;&nbsp;&nbsp;&nbsp;&nbsp;&nbsp;\u2191&nbsp;<a href=\"https:\/\/www.gymbrv.de\/index.php\/schulprofil-2\/\">Schulprofil<\/a>&nbsp;&nbsp;&nbsp;&nbsp;&nbsp;&nbsp;&nbsp;&nbsp;\u2192&nbsp;<a href=\"https:\/\/www.gymbrv.de\/index.php\/schulprofil-2\/arbeitsgemeinschaften\/\">Arbeitsgemeinschaften<\/a><\/p>\n\n\n\n<p><\/p>\n","protected":false},"excerpt":{"rendered":"<p>Der bilinguale Unterricht ist f\u00fcr alle Sch\u00fcler und Sch\u00fclerinnen ab der 7.&nbsp;Klasse w\u00e4hlbar. Die Zusammensetzung erfolgt dann so, dass eine Klasse ab diesem Jahrgang als<\/p>\n","protected":false},"author":1,"featured_media":0,"parent":322,"menu_order":4,"comment_status":"closed","ping_status":"closed","template":"","meta":{"footnotes":""},"_links":{"self":[{"href":"https:\/\/www.gymbrv.de\/index.php\/wp-json\/wp\/v2\/pages\/532"}],"collection":[{"href":"https:\/\/www.gymbrv.de\/index.php\/wp-json\/wp\/v2\/pages"}],"about":[{"href":"https:\/\/www.gymbrv.de\/index.php\/wp-json\/wp\/v2\/types\/page"}],"author":[{"embeddable":true,"href":"https:\/\/www.gymbrv.de\/index.php\/wp-json\/wp\/v2\/users\/1"}],"replies":[{"embeddable":true,"href":"https:\/\/www.gymbrv.de\/index.php\/wp-json\/wp\/v2\/comments?post=532"}],"version-history":[{"count":7,"href":"https:\/\/www.gymbrv.de\/index.php\/wp-json\/wp\/v2\/pages\/532\/revisions"}],"predecessor-version":[{"id":4166,"href":"https:\/\/www.gymbrv.de\/index.php\/wp-json\/wp\/v2\/pages\/532\/revisions\/4166"}],"up":[{"embeddable":true,"href":"https:\/\/www.gymbrv.de\/index.php\/wp-json\/wp\/v2\/pages\/322"}],"wp:attachment":[{"href":"https:\/\/www.gymbrv.de\/index.php\/wp-json\/wp\/v2\/media?parent=532"}],"curies":[{"name":"wp","href":"https:\/\/api.w.org\/{rel}","templated":true}]}}