{"id":745,"date":"2020-05-05T12:09:45","date_gmt":"2020-05-05T10:09:45","guid":{"rendered":"https:\/\/www.gymbrv.de\/?page_id=745"},"modified":"2020-10-04T16:20:26","modified_gmt":"2020-10-04T14:20:26","slug":"englisch","status":"publish","type":"page","link":"https:\/\/www.gymbrv.de\/index.php\/faecher\/englisch\/","title":{"rendered":"Englisch"},"content":{"rendered":"\n<p>Stures Vokabeln-Pauken und trockener Grammatikunterricht? <\/p>\n\n\n\n<p>Nicht bei uns!<\/p>\n\n\n\n<p>Englisch am Gymnasium Bremerv\u00f6rde macht Spa\u00df!<\/p>\n\n\n\n<p>Nicht nur, weil ihr Unterricht bei dynamischen Lehrern habt, die gerne Neues ausprobieren und spannende Inhalte einbauen, sondern weil wir Englisch lebendig gestalten und immer wieder unter Beweis stellen, dass Englisch eine lebendige Sprache ist. Daf\u00fcr muss sie gesprochen, gesungen, ausprobiert und ertastet werden.<\/p>\n\n\n\n<p>Wir fahren auf Klassen- und Studienfahrt ins englischsprachige Ausland, wir tanzen im Unterricht T\u00e4nze aus Schottland und Irland, probieren typische Speisen aus englischsprachigen L\u00e4ndern, gehen auch ohne den Klassenraum zu verlassen auf Entdeckungsreise ferner englischsprachiger L\u00e4nder und es gibt sogar eine <strong>englische Theater-AG<\/strong>.<\/p>\n\n\n\n<p>In den Klassenstufen 6, 8, 10 und 12 wird eine Klassenarbeit durch eine so genannte Sprechpr\u00fcfung ersetzt, die Lust auf mehr macht, weil die Vorbereitung darauf so interaktiv und unterhaltsam ist und die Ergebnisse in den meisten F\u00e4llen sehr erfreulich sind. Und man muss nichts schreiben.<\/p>\n\n\n\n<p>Wir haben zwar noch keinen Austausch mit einer Schule im englischsprachigen Ausland, aber das kann ja noch werden.<\/p>\n\n\n\n<p>Englisch am Gymnasium Bremerv\u00f6rde macht Spa\u00df!<\/p>\n\n\n\n<p>Wenn ihr mehr \u00fcber das Fach Englisch erfahren wollt, richtet eure Fragen gerne an Insa Freienberg (Fachobfrau des Faches Englisch): fg@gymbrv.eu<\/p>\n\n\n\n<p class=\"has-text-align-center\">\u2190&nbsp;<a href=\"https:\/\/www.gymbrv.de\/index.php\/faecher\/deutsch\/\">Deutsch<\/a>&nbsp;&nbsp;&nbsp;&nbsp;&nbsp;&nbsp;&nbsp;&nbsp;\u2191&nbsp;<a href=\"https:\/\/www.gymbrv.de\/index.php\/faecher\/\">F\u00e4cher-\u00dcbersicht<\/a>&nbsp;&nbsp;&nbsp;&nbsp;&nbsp;&nbsp;&nbsp;&nbsp;\u2192&nbsp;<a href=\"https:\/\/www.gymbrv.de\/index.php\/faecher\/franzoesisch\/\">Franz\u00f6sisch<\/a><\/p>\n","protected":false},"excerpt":{"rendered":"<p>Stures Vokabeln-Pauken und trockener Grammatikunterricht? Nicht bei uns! Englisch am Gymnasium Bremerv\u00f6rde macht Spa\u00df! Nicht nur, weil ihr Unterricht bei dynamischen Lehrern habt, die gerne<\/p>\n","protected":false},"author":2,"featured_media":0,"parent":419,"menu_order":2,"comment_status":"closed","ping_status":"closed","template":"","meta":{"footnotes":""},"_links":{"self":[{"href":"https:\/\/www.gymbrv.de\/index.php\/wp-json\/wp\/v2\/pages\/745"}],"collection":[{"href":"https:\/\/www.gymbrv.de\/index.php\/wp-json\/wp\/v2\/pages"}],"about":[{"href":"https:\/\/www.gymbrv.de\/index.php\/wp-json\/wp\/v2\/types\/page"}],"author":[{"embeddable":true,"href":"https:\/\/www.gymbrv.de\/index.php\/wp-json\/wp\/v2\/users\/2"}],"replies":[{"embeddable":true,"href":"https:\/\/www.gymbrv.de\/index.php\/wp-json\/wp\/v2\/comments?post=745"}],"version-history":[{"count":7,"href":"https:\/\/www.gymbrv.de\/index.php\/wp-json\/wp\/v2\/pages\/745\/revisions"}],"predecessor-version":[{"id":979,"href":"https:\/\/www.gymbrv.de\/index.php\/wp-json\/wp\/v2\/pages\/745\/revisions\/979"}],"up":[{"embeddable":true,"href":"https:\/\/www.gymbrv.de\/index.php\/wp-json\/wp\/v2\/pages\/419"}],"wp:attachment":[{"href":"https:\/\/www.gymbrv.de\/index.php\/wp-json\/wp\/v2\/media?parent=745"}],"curies":[{"name":"wp","href":"https:\/\/api.w.org\/{rel}","templated":true}]}}